{"id":2174,"date":"2020-06-27T10:22:44","date_gmt":"2020-06-27T13:22:44","guid":{"rendered":"https:\/\/www.armadillos.com.ar\/juguetes\/?post_type=product&#038;p=2174"},"modified":"2020-07-15T15:00:57","modified_gmt":"2020-07-15T18:00:57","slug":"iglu-mediano","status":"publish","type":"product","link":"https:\/\/www.armadillos.com.ar\/juguetes\/producto\/iglu-mediano\/","title":{"rendered":"Igl\u00fa Mediano"},"content":{"rendered":"<p>&gt; Se arma y desarma en segundos (sistema plegado POP-UP)<br \/>\n&gt; Atractivo y colorido dise\u00f1o<br \/>\n&gt; Realizado con tela repelente al agua<br \/>\n&gt; Gu\u00edas para estructura de tela reforzada<br \/>\n&gt; Costuras reforzadas con terminaci\u00f3n de calidad<br \/>\n&gt; <strong>Medidas:\u00a0<\/strong>72 x 72 x 73 cm aprox.<\/p>\n<p><img decoding=\"async\" src=\"http:\/\/www.armadillos.com.ar\/juguetes\/wp-content\/uploads\/2012\/10\/productos-detalle-signo-a.jpg\" alt=\"\" width=\"23\" height=\"19\" \/>Bolso de s\u00f3lo 43 cm de di\u00e1metro, f\u00e1cilmente transportable<br \/>\n<img decoding=\"async\" src=\"http:\/\/www.armadillos.com.ar\/juguetes\/wp-content\/uploads\/2012\/10\/productos-detalle-signo-b.jpg\" alt=\"\" width=\"23\" height=\"19\" \/>Sistema para mantener la puerta plegada<br \/>\n<img decoding=\"async\" src=\"http:\/\/www.armadillos.com.ar\/juguetes\/wp-content\/uploads\/2012\/10\/productos-detalle-signo-c.jpg\" alt=\"\" width=\"23\" height=\"19\" \/>Cintas para facilitar su anclaje en la tierra o arena (estacas no incluidas)<br \/>\n<img decoding=\"async\" src=\"http:\/\/www.armadillos.com.ar\/juguetes\/wp-content\/uploads\/2012\/10\/productos-detalle-signo-d.jpg\" alt=\"\" width=\"23\" height=\"19\" \/>Almohad\u00f3n desmontable<\/p>\n<p><img decoding=\"async\" src=\"http:\/\/www.armadillos.com.ar\/juguetes\/wp-content\/uploads\/2012\/10\/productos-detalle-1a.jpg\" alt=\"\" width=\"90\" height=\"106\" \/> <img decoding=\"async\" src=\"http:\/\/www.armadillos.com.ar\/juguetes\/wp-content\/uploads\/2012\/10\/productos-detalle-1b.jpg\" alt=\"\" width=\"90\" height=\"106\" \/> <img decoding=\"async\" src=\"http:\/\/www.armadillos.com.ar\/juguetes\/wp-content\/uploads\/2012\/10\/productos-detalle-1c.jpg\" alt=\"\" width=\"90\" height=\"106\" \/> <img decoding=\"async\" src=\"http:\/\/www.armadillos.com.ar\/juguetes\/wp-content\/uploads\/2012\/10\/productos-detalle-1k.jpg\" alt=\"\" width=\"90\" height=\"106\" \/><\/p>\n<p><strong>Industria Argentina<\/strong><\/p>\n","protected":false},"excerpt":{"rendered":"<p>Igl\u00fa para mascotas mediano.<br \/>\n\u00a1Luego se pliega en su bolsito!<\/p>\n","protected":false},"featured_media":2175,"template":"","meta":[],"product_brand":[],"product_cat":[43],"product_tag":[],"class_list":{"0":"post-2174","1":"product","2":"type-product","3":"status-publish","4":"has-post-thumbnail","6":"product_cat-mascotas","8":"first","9":"outofstock","10":"shipping-taxable","11":"product-type-simple"},"yoast_head":"<!-- This site is optimized with the Yoast SEO plugin v27.2 - https:\/\/yoast.com\/product\/yoast-seo-wordpress\/ -->\n<title>Igl\u00fa Mediano &#8226; Armadillos Juguetes: Productos Plegables<\/title>\n<meta name=\"description\" content=\"Armadillos Juguetes: Productos Plegables &#8226; Juguetes Plegables sistema POP-UP: Caba\u00f1a, Caba\u00f1a Alpina, Rodado Pelotero, T\u00fanel, B\u00e1squet, Castillo, Teatro de T\u00edteres, Barco Pirata, Laberinto, Carpa Pelotero\" \/>\n<meta name=\"robots\" content=\"index, follow, max-snippet:-1, max-image-preview:large, max-video-preview:-1\" \/>\n<link rel=\"canonical\" href=\"https:\/\/www.armadillos.com.ar\/juguetes\/producto\/iglu-mediano\/\" \/>\n<meta property=\"og:locale\" content=\"es_ES\" \/>\n<meta property=\"og:type\" content=\"article\" \/>\n<meta property=\"og:title\" content=\"Igl\u00fa Mediano &#8226; Armadillos Juguetes: Productos Plegables\" \/>\n<meta property=\"og:description\" content=\"Armadillos Juguetes: Productos Plegables &#8226; Juguetes Plegables sistema POP-UP: Caba\u00f1a, Caba\u00f1a Alpina, Rodado Pelotero, T\u00fanel, B\u00e1squet, Castillo, Teatro de T\u00edteres, Barco Pirata, Laberinto, Carpa Pelotero\" \/>\n<meta property=\"og:url\" content=\"https:\/\/www.armadillos.com.ar\/juguetes\/producto\/iglu-mediano\/\" \/>\n<meta property=\"og:site_name\" content=\"Armadillos Juguetes: Productos Plegables\" \/>\n<meta property=\"article:publisher\" content=\"https:\/\/www.facebook.com\/ArmadillosJuguetes\" \/>\n<meta property=\"article:modified_time\" content=\"2020-07-15T18:00:57+00:00\" \/>\n<meta property=\"og:image\" content=\"https:\/\/www.armadillos.com.ar\/juguetes\/wp-content\/uploads\/2020\/06\/Mascota_Med.jpg\" \/>\n\t<meta property=\"og:image:width\" content=\"620\" \/>\n\t<meta property=\"og:image:height\" content=\"444\" \/>\n\t<meta property=\"og:image:type\" content=\"image\/jpeg\" \/>\n<meta name=\"twitter:card\" content=\"summary_large_image\" \/>\n<script type=\"application\/ld+json\" class=\"yoast-schema-graph\">{\"@context\":\"https:\/\/schema.org\",\"@graph\":[{\"@type\":\"WebPage\",\"@id\":\"https:\/\/www.armadillos.com.ar\/juguetes\/producto\/iglu-mediano\/\",\"url\":\"https:\/\/www.armadillos.com.ar\/juguetes\/producto\/iglu-mediano\/\",\"name\":\"Igl\u00fa Mediano &#8226; Armadillos Juguetes: Productos Plegables\",\"isPartOf\":{\"@id\":\"https:\/\/www.armadillos.com.ar\/juguetes\/#website\"},\"primaryImageOfPage\":{\"@id\":\"https:\/\/www.armadillos.com.ar\/juguetes\/producto\/iglu-mediano\/#primaryimage\"},\"image\":{\"@id\":\"https:\/\/www.armadillos.com.ar\/juguetes\/producto\/iglu-mediano\/#primaryimage\"},\"thumbnailUrl\":\"https:\/\/www.armadillos.com.ar\/juguetes\/wp-content\/uploads\/2020\/06\/Mascota_Med.jpg\",\"datePublished\":\"2020-06-27T13:22:44+00:00\",\"dateModified\":\"2020-07-15T18:00:57+00:00\",\"description\":\"Armadillos Juguetes: Productos Plegables &#8226; Juguetes Plegables sistema POP-UP: Caba\u00f1a, Caba\u00f1a Alpina, Rodado Pelotero, T\u00fanel, B\u00e1squet, Castillo, Teatro de T\u00edteres, Barco Pirata, Laberinto, Carpa Pelotero\",\"breadcrumb\":{\"@id\":\"https:\/\/www.armadillos.com.ar\/juguetes\/producto\/iglu-mediano\/#breadcrumb\"},\"inLanguage\":\"es\",\"potentialAction\":[{\"@type\":\"ReadAction\",\"target\":[\"https:\/\/www.armadillos.com.ar\/juguetes\/producto\/iglu-mediano\/\"]}]},{\"@type\":\"ImageObject\",\"inLanguage\":\"es\",\"@id\":\"https:\/\/www.armadillos.com.ar\/juguetes\/producto\/iglu-mediano\/#primaryimage\",\"url\":\"https:\/\/www.armadillos.com.ar\/juguetes\/wp-content\/uploads\/2020\/06\/Mascota_Med.jpg\",\"contentUrl\":\"https:\/\/www.armadillos.com.ar\/juguetes\/wp-content\/uploads\/2020\/06\/Mascota_Med.jpg\",\"width\":620,\"height\":444,\"caption\":\"Igl\u00fa Mascota Mediano\"},{\"@type\":\"BreadcrumbList\",\"@id\":\"https:\/\/www.armadillos.com.ar\/juguetes\/producto\/iglu-mediano\/#breadcrumb\",\"itemListElement\":[{\"@type\":\"ListItem\",\"position\":1,\"name\":\"Portada\",\"item\":\"https:\/\/www.armadillos.com.ar\/juguetes\/\"},{\"@type\":\"ListItem\",\"position\":2,\"name\":\"Tienda\",\"item\":\"https:\/\/www.armadillos.com.ar\/juguetes\/tienda-armadillos\/\"},{\"@type\":\"ListItem\",\"position\":3,\"name\":\"Igl\u00fa Mediano\"}]},{\"@type\":\"WebSite\",\"@id\":\"https:\/\/www.armadillos.com.ar\/juguetes\/#website\",\"url\":\"https:\/\/www.armadillos.com.ar\/juguetes\/\",\"name\":\"Armadillos Juguetes: Productos Plegables\",\"description\":\"Productos Plegables Armadillos: juguetes de f\u00e1cil armado\",\"publisher\":{\"@id\":\"https:\/\/www.armadillos.com.ar\/juguetes\/#organization\"},\"potentialAction\":[{\"@type\":\"SearchAction\",\"target\":{\"@type\":\"EntryPoint\",\"urlTemplate\":\"https:\/\/www.armadillos.com.ar\/juguetes\/?s={search_term_string}\"},\"query-input\":{\"@type\":\"PropertyValueSpecification\",\"valueRequired\":true,\"valueName\":\"search_term_string\"}}],\"inLanguage\":\"es\"},{\"@type\":\"Organization\",\"@id\":\"https:\/\/www.armadillos.com.ar\/juguetes\/#organization\",\"name\":\"Armadillos\",\"url\":\"https:\/\/www.armadillos.com.ar\/juguetes\/\",\"logo\":{\"@type\":\"ImageObject\",\"inLanguage\":\"es\",\"@id\":\"https:\/\/www.armadillos.com.ar\/juguetes\/#\/schema\/logo\/image\/\",\"url\":\"https:\/\/www.armadillos.com.ar\/juguetes\/wp-content\/uploads\/2012\/09\/logo.png\",\"contentUrl\":\"https:\/\/www.armadillos.com.ar\/juguetes\/wp-content\/uploads\/2012\/09\/logo.png\",\"width\":180,\"height\":89,\"caption\":\"Armadillos\"},\"image\":{\"@id\":\"https:\/\/www.armadillos.com.ar\/juguetes\/#\/schema\/logo\/image\/\"},\"sameAs\":[\"https:\/\/www.facebook.com\/ArmadillosJuguetes\",\"https:\/\/www.instagram.com\/armadillosjuguetes\/\"]}]}<\/script>\n<!-- \/ Yoast SEO plugin. -->","yoast_head_json":{"title":"Igl\u00fa Mediano &#8226; Armadillos Juguetes: Productos Plegables","description":"Armadillos Juguetes: Productos Plegables &#8226; Juguetes Plegables sistema POP-UP: Caba\u00f1a, Caba\u00f1a Alpina, Rodado Pelotero, T\u00fanel, B\u00e1squet, Castillo, Teatro de T\u00edteres, Barco Pirata, Laberinto, Carpa Pelotero","robots":{"index":"index","follow":"follow","max-snippet":"max-snippet:-1","max-image-preview":"max-image-preview:large","max-video-preview":"max-video-preview:-1"},"canonical":"https:\/\/www.armadillos.com.ar\/juguetes\/producto\/iglu-mediano\/","og_locale":"es_ES","og_type":"article","og_title":"Igl\u00fa Mediano &#8226; Armadillos Juguetes: Productos Plegables","og_description":"Armadillos Juguetes: Productos Plegables &#8226; Juguetes Plegables sistema POP-UP: Caba\u00f1a, Caba\u00f1a Alpina, Rodado Pelotero, T\u00fanel, B\u00e1squet, Castillo, Teatro de T\u00edteres, Barco Pirata, Laberinto, Carpa Pelotero","og_url":"https:\/\/www.armadillos.com.ar\/juguetes\/producto\/iglu-mediano\/","og_site_name":"Armadillos Juguetes: Productos Plegables","article_publisher":"https:\/\/www.facebook.com\/ArmadillosJuguetes","article_modified_time":"2020-07-15T18:00:57+00:00","og_image":[{"width":620,"height":444,"url":"https:\/\/www.armadillos.com.ar\/juguetes\/wp-content\/uploads\/2020\/06\/Mascota_Med.jpg","type":"image\/jpeg"}],"twitter_card":"summary_large_image","schema":{"@context":"https:\/\/schema.org","@graph":[{"@type":"WebPage","@id":"https:\/\/www.armadillos.com.ar\/juguetes\/producto\/iglu-mediano\/","url":"https:\/\/www.armadillos.com.ar\/juguetes\/producto\/iglu-mediano\/","name":"Igl\u00fa Mediano &#8226; Armadillos Juguetes: Productos Plegables","isPartOf":{"@id":"https:\/\/www.armadillos.com.ar\/juguetes\/#website"},"primaryImageOfPage":{"@id":"https:\/\/www.armadillos.com.ar\/juguetes\/producto\/iglu-mediano\/#primaryimage"},"image":{"@id":"https:\/\/www.armadillos.com.ar\/juguetes\/producto\/iglu-mediano\/#primaryimage"},"thumbnailUrl":"https:\/\/www.armadillos.com.ar\/juguetes\/wp-content\/uploads\/2020\/06\/Mascota_Med.jpg","datePublished":"2020-06-27T13:22:44+00:00","dateModified":"2020-07-15T18:00:57+00:00","description":"Armadillos Juguetes: Productos Plegables &#8226; Juguetes Plegables sistema POP-UP: Caba\u00f1a, Caba\u00f1a Alpina, Rodado Pelotero, T\u00fanel, B\u00e1squet, Castillo, Teatro de T\u00edteres, Barco Pirata, Laberinto, Carpa Pelotero","breadcrumb":{"@id":"https:\/\/www.armadillos.com.ar\/juguetes\/producto\/iglu-mediano\/#breadcrumb"},"inLanguage":"es","potentialAction":[{"@type":"ReadAction","target":["https:\/\/www.armadillos.com.ar\/juguetes\/producto\/iglu-mediano\/"]}]},{"@type":"ImageObject","inLanguage":"es","@id":"https:\/\/www.armadillos.com.ar\/juguetes\/producto\/iglu-mediano\/#primaryimage","url":"https:\/\/www.armadillos.com.ar\/juguetes\/wp-content\/uploads\/2020\/06\/Mascota_Med.jpg","contentUrl":"https:\/\/www.armadillos.com.ar\/juguetes\/wp-content\/uploads\/2020\/06\/Mascota_Med.jpg","width":620,"height":444,"caption":"Igl\u00fa Mascota Mediano"},{"@type":"BreadcrumbList","@id":"https:\/\/www.armadillos.com.ar\/juguetes\/producto\/iglu-mediano\/#breadcrumb","itemListElement":[{"@type":"ListItem","position":1,"name":"Portada","item":"https:\/\/www.armadillos.com.ar\/juguetes\/"},{"@type":"ListItem","position":2,"name":"Tienda","item":"https:\/\/www.armadillos.com.ar\/juguetes\/tienda-armadillos\/"},{"@type":"ListItem","position":3,"name":"Igl\u00fa Mediano"}]},{"@type":"WebSite","@id":"https:\/\/www.armadillos.com.ar\/juguetes\/#website","url":"https:\/\/www.armadillos.com.ar\/juguetes\/","name":"Armadillos Juguetes: Productos Plegables","description":"Productos Plegables Armadillos: juguetes de f\u00e1cil armado","publisher":{"@id":"https:\/\/www.armadillos.com.ar\/juguetes\/#organization"},"potentialAction":[{"@type":"SearchAction","target":{"@type":"EntryPoint","urlTemplate":"https:\/\/www.armadillos.com.ar\/juguetes\/?s={search_term_string}"},"query-input":{"@type":"PropertyValueSpecification","valueRequired":true,"valueName":"search_term_string"}}],"inLanguage":"es"},{"@type":"Organization","@id":"https:\/\/www.armadillos.com.ar\/juguetes\/#organization","name":"Armadillos","url":"https:\/\/www.armadillos.com.ar\/juguetes\/","logo":{"@type":"ImageObject","inLanguage":"es","@id":"https:\/\/www.armadillos.com.ar\/juguetes\/#\/schema\/logo\/image\/","url":"https:\/\/www.armadillos.com.ar\/juguetes\/wp-content\/uploads\/2012\/09\/logo.png","contentUrl":"https:\/\/www.armadillos.com.ar\/juguetes\/wp-content\/uploads\/2012\/09\/logo.png","width":180,"height":89,"caption":"Armadillos"},"image":{"@id":"https:\/\/www.armadillos.com.ar\/juguetes\/#\/schema\/logo\/image\/"},"sameAs":["https:\/\/www.facebook.com\/ArmadillosJuguetes","https:\/\/www.instagram.com\/armadillosjuguetes\/"]}]}},"_links":{"self":[{"href":"https:\/\/www.armadillos.com.ar\/juguetes\/wp-json\/wp\/v2\/product\/2174","targetHints":{"allow":["GET"]}}],"collection":[{"href":"https:\/\/www.armadillos.com.ar\/juguetes\/wp-json\/wp\/v2\/product"}],"about":[{"href":"https:\/\/www.armadillos.com.ar\/juguetes\/wp-json\/wp\/v2\/types\/product"}],"wp:featuredmedia":[{"embeddable":true,"href":"https:\/\/www.armadillos.com.ar\/juguetes\/wp-json\/wp\/v2\/media\/2175"}],"wp:attachment":[{"href":"https:\/\/www.armadillos.com.ar\/juguetes\/wp-json\/wp\/v2\/media?parent=2174"}],"wp:term":[{"taxonomy":"product_brand","embeddable":true,"href":"https:\/\/www.armadillos.com.ar\/juguetes\/wp-json\/wp\/v2\/product_brand?post=2174"},{"taxonomy":"product_cat","embeddable":true,"href":"https:\/\/www.armadillos.com.ar\/juguetes\/wp-json\/wp\/v2\/product_cat?post=2174"},{"taxonomy":"product_tag","embeddable":true,"href":"https:\/\/www.armadillos.com.ar\/juguetes\/wp-json\/wp\/v2\/product_tag?post=2174"}],"curies":[{"name":"wp","href":"https:\/\/api.w.org\/{rel}","templated":true}]}}