{"id":2167,"date":"2020-06-27T09:18:58","date_gmt":"2020-06-27T12:18:58","guid":{"rendered":"https:\/\/www.armadillos.com.ar\/juguetes\/?post_type=product&#038;p=2167"},"modified":"2021-01-11T10:03:06","modified_gmt":"2021-01-11T13:03:06","slug":"banquito-mediano","status":"publish","type":"product","link":"https:\/\/www.armadillos.com.ar\/juguetes\/producto\/banquito-mediano\/","title":{"rendered":"Banquito Plegable Mediano"},"content":{"rendered":"<p>&gt; Se pliega en segundos<br \/>\n&gt; Atractivo y colorido dise\u00f1o (colores surtidos, seg\u00fan disponibilidad)<br \/>\n&gt; Ideal para jugar dentro de los Armadillos<br \/>\n&gt; <strong>Medidas: <\/strong>30 x 22 x 21,5 (alt) cm aprox.<\/p>\n<p><strong>Industria Argentina<\/strong><\/p>\n","protected":false},"excerpt":{"rendered":"<p>Banquito plegable mediano de aprox. 30 x 22 x 21,5 (alt) cm.<br \/>\nAtractivo y colorido dise\u00f1o, ideal para jugar dentro de los Armadillos.<\/p>\n","protected":false},"featured_media":2168,"template":"","meta":[],"product_brand":[],"product_cat":[42],"product_tag":[],"class_list":{"0":"post-2167","1":"product","2":"type-product","3":"status-publish","4":"has-post-thumbnail","6":"product_cat-muebles","8":"first","9":"outofstock","10":"shipping-taxable","11":"product-type-simple"},"yoast_head":"<!-- This site is optimized with the Yoast SEO plugin v27.5 - https:\/\/yoast.com\/product\/yoast-seo-wordpress\/ -->\n<title>Banquito Plegable Mediano &#8226; Armadillos Juguetes: Productos Plegables<\/title>\n<meta name=\"description\" content=\"Armadillos Juguetes: Productos Plegables &#8226; Juguetes Plegables sistema POP-UP: Caba\u00f1a, Caba\u00f1a Alpina, Rodado Pelotero, T\u00fanel, B\u00e1squet, Castillo, Teatro de T\u00edteres, Barco Pirata, Laberinto, Carpa Pelotero\" \/>\n<meta name=\"robots\" content=\"index, follow, max-snippet:-1, max-image-preview:large, max-video-preview:-1\" \/>\n<link rel=\"canonical\" href=\"https:\/\/www.armadillos.com.ar\/juguetes\/producto\/banquito-mediano\/\" \/>\n<meta property=\"og:locale\" content=\"es_ES\" \/>\n<meta property=\"og:type\" content=\"article\" \/>\n<meta property=\"og:title\" content=\"Banquito Plegable Mediano &#8226; Armadillos Juguetes: Productos Plegables\" \/>\n<meta property=\"og:description\" content=\"Armadillos Juguetes: Productos Plegables &#8226; Juguetes Plegables sistema POP-UP: Caba\u00f1a, Caba\u00f1a Alpina, Rodado Pelotero, T\u00fanel, B\u00e1squet, Castillo, Teatro de T\u00edteres, Barco Pirata, Laberinto, Carpa Pelotero\" \/>\n<meta property=\"og:url\" content=\"https:\/\/www.armadillos.com.ar\/juguetes\/producto\/banquito-mediano\/\" \/>\n<meta property=\"og:site_name\" content=\"Armadillos Juguetes: Productos Plegables\" \/>\n<meta property=\"article:publisher\" content=\"https:\/\/www.facebook.com\/ArmadillosJuguetes\" \/>\n<meta property=\"article:modified_time\" content=\"2021-01-11T13:03:06+00:00\" \/>\n<meta property=\"og:image\" content=\"https:\/\/www.armadillos.com.ar\/juguetes\/wp-content\/uploads\/2020\/06\/Banquito_mediano.jpg\" \/>\n\t<meta property=\"og:image:width\" content=\"600\" \/>\n\t<meta property=\"og:image:height\" content=\"430\" \/>\n\t<meta property=\"og:image:type\" content=\"image\/jpeg\" \/>\n<meta name=\"twitter:card\" content=\"summary_large_image\" \/>\n<script type=\"application\/ld+json\" class=\"yoast-schema-graph\">{\"@context\":\"https:\\\/\\\/schema.org\",\"@graph\":[{\"@type\":\"WebPage\",\"@id\":\"https:\\\/\\\/www.armadillos.com.ar\\\/juguetes\\\/producto\\\/banquito-mediano\\\/\",\"url\":\"https:\\\/\\\/www.armadillos.com.ar\\\/juguetes\\\/producto\\\/banquito-mediano\\\/\",\"name\":\"Banquito Plegable Mediano &#8226; Armadillos Juguetes: Productos Plegables\",\"isPartOf\":{\"@id\":\"https:\\\/\\\/www.armadillos.com.ar\\\/juguetes\\\/#website\"},\"primaryImageOfPage\":{\"@id\":\"https:\\\/\\\/www.armadillos.com.ar\\\/juguetes\\\/producto\\\/banquito-mediano\\\/#primaryimage\"},\"image\":{\"@id\":\"https:\\\/\\\/www.armadillos.com.ar\\\/juguetes\\\/producto\\\/banquito-mediano\\\/#primaryimage\"},\"thumbnailUrl\":\"https:\\\/\\\/www.armadillos.com.ar\\\/juguetes\\\/wp-content\\\/uploads\\\/2020\\\/06\\\/Banquito_mediano.jpg\",\"datePublished\":\"2020-06-27T12:18:58+00:00\",\"dateModified\":\"2021-01-11T13:03:06+00:00\",\"description\":\"Armadillos Juguetes: Productos Plegables &#8226; Juguetes Plegables sistema POP-UP: Caba\u00f1a, Caba\u00f1a Alpina, Rodado Pelotero, T\u00fanel, B\u00e1squet, Castillo, Teatro de T\u00edteres, Barco Pirata, Laberinto, Carpa Pelotero\",\"breadcrumb\":{\"@id\":\"https:\\\/\\\/www.armadillos.com.ar\\\/juguetes\\\/producto\\\/banquito-mediano\\\/#breadcrumb\"},\"inLanguage\":\"es\",\"potentialAction\":[{\"@type\":\"ReadAction\",\"target\":[\"https:\\\/\\\/www.armadillos.com.ar\\\/juguetes\\\/producto\\\/banquito-mediano\\\/\"]}]},{\"@type\":\"ImageObject\",\"inLanguage\":\"es\",\"@id\":\"https:\\\/\\\/www.armadillos.com.ar\\\/juguetes\\\/producto\\\/banquito-mediano\\\/#primaryimage\",\"url\":\"https:\\\/\\\/www.armadillos.com.ar\\\/juguetes\\\/wp-content\\\/uploads\\\/2020\\\/06\\\/Banquito_mediano.jpg\",\"contentUrl\":\"https:\\\/\\\/www.armadillos.com.ar\\\/juguetes\\\/wp-content\\\/uploads\\\/2020\\\/06\\\/Banquito_mediano.jpg\",\"width\":600,\"height\":430,\"caption\":\"Banquito Mediano Plegable\"},{\"@type\":\"BreadcrumbList\",\"@id\":\"https:\\\/\\\/www.armadillos.com.ar\\\/juguetes\\\/producto\\\/banquito-mediano\\\/#breadcrumb\",\"itemListElement\":[{\"@type\":\"ListItem\",\"position\":1,\"name\":\"Portada\",\"item\":\"https:\\\/\\\/www.armadillos.com.ar\\\/juguetes\\\/\"},{\"@type\":\"ListItem\",\"position\":2,\"name\":\"Tienda\",\"item\":\"https:\\\/\\\/www.armadillos.com.ar\\\/juguetes\\\/tienda-armadillos\\\/\"},{\"@type\":\"ListItem\",\"position\":3,\"name\":\"Banquito Plegable Mediano\"}]},{\"@type\":\"WebSite\",\"@id\":\"https:\\\/\\\/www.armadillos.com.ar\\\/juguetes\\\/#website\",\"url\":\"https:\\\/\\\/www.armadillos.com.ar\\\/juguetes\\\/\",\"name\":\"Armadillos Juguetes: Productos Plegables\",\"description\":\"Productos Plegables Armadillos: juguetes de f\u00e1cil armado\",\"publisher\":{\"@id\":\"https:\\\/\\\/www.armadillos.com.ar\\\/juguetes\\\/#organization\"},\"potentialAction\":[{\"@type\":\"SearchAction\",\"target\":{\"@type\":\"EntryPoint\",\"urlTemplate\":\"https:\\\/\\\/www.armadillos.com.ar\\\/juguetes\\\/?s={search_term_string}\"},\"query-input\":{\"@type\":\"PropertyValueSpecification\",\"valueRequired\":true,\"valueName\":\"search_term_string\"}}],\"inLanguage\":\"es\"},{\"@type\":\"Organization\",\"@id\":\"https:\\\/\\\/www.armadillos.com.ar\\\/juguetes\\\/#organization\",\"name\":\"Armadillos\",\"url\":\"https:\\\/\\\/www.armadillos.com.ar\\\/juguetes\\\/\",\"logo\":{\"@type\":\"ImageObject\",\"inLanguage\":\"es\",\"@id\":\"https:\\\/\\\/www.armadillos.com.ar\\\/juguetes\\\/#\\\/schema\\\/logo\\\/image\\\/\",\"url\":\"https:\\\/\\\/www.armadillos.com.ar\\\/juguetes\\\/wp-content\\\/uploads\\\/2012\\\/09\\\/logo.png\",\"contentUrl\":\"https:\\\/\\\/www.armadillos.com.ar\\\/juguetes\\\/wp-content\\\/uploads\\\/2012\\\/09\\\/logo.png\",\"width\":180,\"height\":89,\"caption\":\"Armadillos\"},\"image\":{\"@id\":\"https:\\\/\\\/www.armadillos.com.ar\\\/juguetes\\\/#\\\/schema\\\/logo\\\/image\\\/\"},\"sameAs\":[\"https:\\\/\\\/www.facebook.com\\\/ArmadillosJuguetes\",\"https:\\\/\\\/www.instagram.com\\\/armadillosjuguetes\\\/\"]}]}<\/script>\n<!-- \/ Yoast SEO plugin. -->","yoast_head_json":{"title":"Banquito Plegable Mediano &#8226; Armadillos Juguetes: Productos Plegables","description":"Armadillos Juguetes: Productos Plegables &#8226; Juguetes Plegables sistema POP-UP: Caba\u00f1a, Caba\u00f1a Alpina, Rodado Pelotero, T\u00fanel, B\u00e1squet, Castillo, Teatro de T\u00edteres, Barco Pirata, Laberinto, Carpa Pelotero","robots":{"index":"index","follow":"follow","max-snippet":"max-snippet:-1","max-image-preview":"max-image-preview:large","max-video-preview":"max-video-preview:-1"},"canonical":"https:\/\/www.armadillos.com.ar\/juguetes\/producto\/banquito-mediano\/","og_locale":"es_ES","og_type":"article","og_title":"Banquito Plegable Mediano &#8226; Armadillos Juguetes: Productos Plegables","og_description":"Armadillos Juguetes: Productos Plegables &#8226; Juguetes Plegables sistema POP-UP: Caba\u00f1a, Caba\u00f1a Alpina, Rodado Pelotero, T\u00fanel, B\u00e1squet, Castillo, Teatro de T\u00edteres, Barco Pirata, Laberinto, Carpa Pelotero","og_url":"https:\/\/www.armadillos.com.ar\/juguetes\/producto\/banquito-mediano\/","og_site_name":"Armadillos Juguetes: Productos Plegables","article_publisher":"https:\/\/www.facebook.com\/ArmadillosJuguetes","article_modified_time":"2021-01-11T13:03:06+00:00","og_image":[{"width":600,"height":430,"url":"https:\/\/www.armadillos.com.ar\/juguetes\/wp-content\/uploads\/2020\/06\/Banquito_mediano.jpg","type":"image\/jpeg"}],"twitter_card":"summary_large_image","schema":{"@context":"https:\/\/schema.org","@graph":[{"@type":"WebPage","@id":"https:\/\/www.armadillos.com.ar\/juguetes\/producto\/banquito-mediano\/","url":"https:\/\/www.armadillos.com.ar\/juguetes\/producto\/banquito-mediano\/","name":"Banquito Plegable Mediano &#8226; Armadillos Juguetes: Productos Plegables","isPartOf":{"@id":"https:\/\/www.armadillos.com.ar\/juguetes\/#website"},"primaryImageOfPage":{"@id":"https:\/\/www.armadillos.com.ar\/juguetes\/producto\/banquito-mediano\/#primaryimage"},"image":{"@id":"https:\/\/www.armadillos.com.ar\/juguetes\/producto\/banquito-mediano\/#primaryimage"},"thumbnailUrl":"https:\/\/www.armadillos.com.ar\/juguetes\/wp-content\/uploads\/2020\/06\/Banquito_mediano.jpg","datePublished":"2020-06-27T12:18:58+00:00","dateModified":"2021-01-11T13:03:06+00:00","description":"Armadillos Juguetes: Productos Plegables &#8226; Juguetes Plegables sistema POP-UP: Caba\u00f1a, Caba\u00f1a Alpina, Rodado Pelotero, T\u00fanel, B\u00e1squet, Castillo, Teatro de T\u00edteres, Barco Pirata, Laberinto, Carpa Pelotero","breadcrumb":{"@id":"https:\/\/www.armadillos.com.ar\/juguetes\/producto\/banquito-mediano\/#breadcrumb"},"inLanguage":"es","potentialAction":[{"@type":"ReadAction","target":["https:\/\/www.armadillos.com.ar\/juguetes\/producto\/banquito-mediano\/"]}]},{"@type":"ImageObject","inLanguage":"es","@id":"https:\/\/www.armadillos.com.ar\/juguetes\/producto\/banquito-mediano\/#primaryimage","url":"https:\/\/www.armadillos.com.ar\/juguetes\/wp-content\/uploads\/2020\/06\/Banquito_mediano.jpg","contentUrl":"https:\/\/www.armadillos.com.ar\/juguetes\/wp-content\/uploads\/2020\/06\/Banquito_mediano.jpg","width":600,"height":430,"caption":"Banquito Mediano Plegable"},{"@type":"BreadcrumbList","@id":"https:\/\/www.armadillos.com.ar\/juguetes\/producto\/banquito-mediano\/#breadcrumb","itemListElement":[{"@type":"ListItem","position":1,"name":"Portada","item":"https:\/\/www.armadillos.com.ar\/juguetes\/"},{"@type":"ListItem","position":2,"name":"Tienda","item":"https:\/\/www.armadillos.com.ar\/juguetes\/tienda-armadillos\/"},{"@type":"ListItem","position":3,"name":"Banquito Plegable Mediano"}]},{"@type":"WebSite","@id":"https:\/\/www.armadillos.com.ar\/juguetes\/#website","url":"https:\/\/www.armadillos.com.ar\/juguetes\/","name":"Armadillos Juguetes: Productos Plegables","description":"Productos Plegables Armadillos: juguetes de f\u00e1cil armado","publisher":{"@id":"https:\/\/www.armadillos.com.ar\/juguetes\/#organization"},"potentialAction":[{"@type":"SearchAction","target":{"@type":"EntryPoint","urlTemplate":"https:\/\/www.armadillos.com.ar\/juguetes\/?s={search_term_string}"},"query-input":{"@type":"PropertyValueSpecification","valueRequired":true,"valueName":"search_term_string"}}],"inLanguage":"es"},{"@type":"Organization","@id":"https:\/\/www.armadillos.com.ar\/juguetes\/#organization","name":"Armadillos","url":"https:\/\/www.armadillos.com.ar\/juguetes\/","logo":{"@type":"ImageObject","inLanguage":"es","@id":"https:\/\/www.armadillos.com.ar\/juguetes\/#\/schema\/logo\/image\/","url":"https:\/\/www.armadillos.com.ar\/juguetes\/wp-content\/uploads\/2012\/09\/logo.png","contentUrl":"https:\/\/www.armadillos.com.ar\/juguetes\/wp-content\/uploads\/2012\/09\/logo.png","width":180,"height":89,"caption":"Armadillos"},"image":{"@id":"https:\/\/www.armadillos.com.ar\/juguetes\/#\/schema\/logo\/image\/"},"sameAs":["https:\/\/www.facebook.com\/ArmadillosJuguetes","https:\/\/www.instagram.com\/armadillosjuguetes\/"]}]}},"_links":{"self":[{"href":"https:\/\/www.armadillos.com.ar\/juguetes\/wp-json\/wp\/v2\/product\/2167","targetHints":{"allow":["GET"]}}],"collection":[{"href":"https:\/\/www.armadillos.com.ar\/juguetes\/wp-json\/wp\/v2\/product"}],"about":[{"href":"https:\/\/www.armadillos.com.ar\/juguetes\/wp-json\/wp\/v2\/types\/product"}],"wp:featuredmedia":[{"embeddable":true,"href":"https:\/\/www.armadillos.com.ar\/juguetes\/wp-json\/wp\/v2\/media\/2168"}],"wp:attachment":[{"href":"https:\/\/www.armadillos.com.ar\/juguetes\/wp-json\/wp\/v2\/media?parent=2167"}],"wp:term":[{"taxonomy":"product_brand","embeddable":true,"href":"https:\/\/www.armadillos.com.ar\/juguetes\/wp-json\/wp\/v2\/product_brand?post=2167"},{"taxonomy":"product_cat","embeddable":true,"href":"https:\/\/www.armadillos.com.ar\/juguetes\/wp-json\/wp\/v2\/product_cat?post=2167"},{"taxonomy":"product_tag","embeddable":true,"href":"https:\/\/www.armadillos.com.ar\/juguetes\/wp-json\/wp\/v2\/product_tag?post=2167"}],"curies":[{"name":"wp","href":"https:\/\/api.w.org\/{rel}","templated":true}]}}