{"id":2161,"date":"2020-06-26T12:57:55","date_gmt":"2020-06-26T15:57:55","guid":{"rendered":"https:\/\/www.armadillos.com.ar\/juguetes\/?post_type=product&#038;p=2161"},"modified":"2021-03-18T17:39:45","modified_gmt":"2021-03-18T20:39:45","slug":"capotin-multiuso","status":"publish","type":"product","link":"https:\/\/www.armadillos.com.ar\/juguetes\/producto\/capotin-multiuso\/","title":{"rendered":"Capot\u00edn Multiuso"},"content":{"rendered":"<p><strong>&gt; Sombra para su bebe!<\/strong><br \/>\n&gt; Se arma y desarma en segundos (sistema plegado POP-UP)<br \/>\n&gt; Realizado con tela repelente al agua<br \/>\n&gt; Gu\u00edas para estructura de tela reforzada<br \/>\n&gt; Costuras reforzadas con terminaci\u00f3n de calidad<br \/>\n&gt; Capota adaptable<\/p>\n<ul>\n<li>\u00a0 En coches paraguas<\/li>\n<li>\u00a0 En cochecitos con extensi\u00f3n<\/li>\n<li>\u00a0 En butacas para auto<\/li>\n<\/ul>\n<p><img decoding=\"async\" src=\"http:\/\/www.armadillos.com.ar\/juguetes\/wp-content\/uploads\/2012\/10\/productos-detalle-signo-a.jpg\" alt=\"\" width=\"23\" height=\"19\" \/>Bolso de s\u00f3lo 43 cm de di\u00e1metro, f\u00e1cilmente transportable<\/p>\n<p><img decoding=\"async\" src=\"http:\/\/www.armadillos.com.ar\/juguetes\/wp-content\/uploads\/2012\/10\/productos-detalle-1a.jpg\" alt=\"\" width=\"90\" height=\"106\" \/><\/p>\n<p><strong>Industria Argentina<\/strong><\/p>\n<p style=\"font-size: 80%;\">Las im\u00e1genes publicadas son ilustrativas. Los colores y\/o tonos pueden variar seg\u00fan disponibilidad de la tela.<\/p>\n","protected":false},"excerpt":{"rendered":"<p>Sombra para tu beb\u00e9.<br \/>\nSe puede utilizar en coches paraguas, en cochecitos con extensi\u00f3n y en butacas para auto.<br \/>\n\u00a1Luego se pliega en su bolsito!<\/p>\n","protected":false},"featured_media":2162,"template":"","meta":[],"product_brand":[],"product_cat":[36],"product_tag":[],"class_list":{"0":"post-2161","1":"product","2":"type-product","3":"status-publish","4":"has-post-thumbnail","6":"product_cat-bebes","8":"first","9":"outofstock","10":"shipping-taxable","11":"product-type-variable"},"yoast_head":"<!-- This site is optimized with the Yoast SEO plugin v27.5 - https:\/\/yoast.com\/product\/yoast-seo-wordpress\/ -->\n<title>Capot\u00edn Multiuso &#8226; Armadillos Juguetes: Productos Plegables<\/title>\n<meta name=\"description\" content=\"Armadillos Juguetes: Productos Plegables &#8226; Juguetes Plegables sistema POP-UP: Caba\u00f1a, Caba\u00f1a Alpina, Rodado Pelotero, T\u00fanel, B\u00e1squet, Castillo, Teatro de T\u00edteres, Barco Pirata, Laberinto, Carpa Pelotero\" \/>\n<meta name=\"robots\" content=\"index, follow, max-snippet:-1, max-image-preview:large, max-video-preview:-1\" \/>\n<link rel=\"canonical\" href=\"https:\/\/www.armadillos.com.ar\/juguetes\/producto\/capotin-multiuso\/\" \/>\n<meta property=\"og:locale\" content=\"es_ES\" \/>\n<meta property=\"og:type\" content=\"article\" \/>\n<meta property=\"og:title\" content=\"Capot\u00edn Multiuso &#8226; Armadillos Juguetes: Productos Plegables\" \/>\n<meta property=\"og:description\" content=\"Armadillos Juguetes: Productos Plegables &#8226; Juguetes Plegables sistema POP-UP: Caba\u00f1a, Caba\u00f1a Alpina, Rodado Pelotero, T\u00fanel, B\u00e1squet, Castillo, Teatro de T\u00edteres, Barco Pirata, Laberinto, Carpa Pelotero\" \/>\n<meta property=\"og:url\" content=\"https:\/\/www.armadillos.com.ar\/juguetes\/producto\/capotin-multiuso\/\" \/>\n<meta property=\"og:site_name\" content=\"Armadillos Juguetes: Productos Plegables\" \/>\n<meta property=\"article:publisher\" content=\"https:\/\/www.facebook.com\/ArmadillosJuguetes\" \/>\n<meta property=\"article:modified_time\" content=\"2021-03-18T20:39:45+00:00\" \/>\n<meta property=\"og:image\" content=\"https:\/\/www.armadillos.com.ar\/juguetes\/wp-content\/uploads\/2020\/06\/Capotin.jpg\" \/>\n\t<meta property=\"og:image:width\" content=\"600\" \/>\n\t<meta property=\"og:image:height\" content=\"430\" \/>\n\t<meta property=\"og:image:type\" content=\"image\/jpeg\" \/>\n<meta name=\"twitter:card\" content=\"summary_large_image\" \/>\n<script type=\"application\/ld+json\" class=\"yoast-schema-graph\">{\"@context\":\"https:\\\/\\\/schema.org\",\"@graph\":[{\"@type\":\"WebPage\",\"@id\":\"https:\\\/\\\/www.armadillos.com.ar\\\/juguetes\\\/producto\\\/capotin-multiuso\\\/\",\"url\":\"https:\\\/\\\/www.armadillos.com.ar\\\/juguetes\\\/producto\\\/capotin-multiuso\\\/\",\"name\":\"Capot\u00edn Multiuso &#8226; Armadillos Juguetes: Productos Plegables\",\"isPartOf\":{\"@id\":\"https:\\\/\\\/www.armadillos.com.ar\\\/juguetes\\\/#website\"},\"primaryImageOfPage\":{\"@id\":\"https:\\\/\\\/www.armadillos.com.ar\\\/juguetes\\\/producto\\\/capotin-multiuso\\\/#primaryimage\"},\"image\":{\"@id\":\"https:\\\/\\\/www.armadillos.com.ar\\\/juguetes\\\/producto\\\/capotin-multiuso\\\/#primaryimage\"},\"thumbnailUrl\":\"https:\\\/\\\/www.armadillos.com.ar\\\/juguetes\\\/wp-content\\\/uploads\\\/2020\\\/06\\\/Capotin.jpg\",\"datePublished\":\"2020-06-26T15:57:55+00:00\",\"dateModified\":\"2021-03-18T20:39:45+00:00\",\"description\":\"Armadillos Juguetes: Productos Plegables &#8226; Juguetes Plegables sistema POP-UP: Caba\u00f1a, Caba\u00f1a Alpina, Rodado Pelotero, T\u00fanel, B\u00e1squet, Castillo, Teatro de T\u00edteres, Barco Pirata, Laberinto, Carpa Pelotero\",\"breadcrumb\":{\"@id\":\"https:\\\/\\\/www.armadillos.com.ar\\\/juguetes\\\/producto\\\/capotin-multiuso\\\/#breadcrumb\"},\"inLanguage\":\"es\",\"potentialAction\":[{\"@type\":\"ReadAction\",\"target\":[\"https:\\\/\\\/www.armadillos.com.ar\\\/juguetes\\\/producto\\\/capotin-multiuso\\\/\"]}]},{\"@type\":\"ImageObject\",\"inLanguage\":\"es\",\"@id\":\"https:\\\/\\\/www.armadillos.com.ar\\\/juguetes\\\/producto\\\/capotin-multiuso\\\/#primaryimage\",\"url\":\"https:\\\/\\\/www.armadillos.com.ar\\\/juguetes\\\/wp-content\\\/uploads\\\/2020\\\/06\\\/Capotin.jpg\",\"contentUrl\":\"https:\\\/\\\/www.armadillos.com.ar\\\/juguetes\\\/wp-content\\\/uploads\\\/2020\\\/06\\\/Capotin.jpg\",\"width\":600,\"height\":430,\"caption\":\"Capot\u00edn Multiuso\"},{\"@type\":\"BreadcrumbList\",\"@id\":\"https:\\\/\\\/www.armadillos.com.ar\\\/juguetes\\\/producto\\\/capotin-multiuso\\\/#breadcrumb\",\"itemListElement\":[{\"@type\":\"ListItem\",\"position\":1,\"name\":\"Portada\",\"item\":\"https:\\\/\\\/www.armadillos.com.ar\\\/juguetes\\\/\"},{\"@type\":\"ListItem\",\"position\":2,\"name\":\"Tienda\",\"item\":\"https:\\\/\\\/www.armadillos.com.ar\\\/juguetes\\\/tienda-armadillos\\\/\"},{\"@type\":\"ListItem\",\"position\":3,\"name\":\"Capot\u00edn Multiuso\"}]},{\"@type\":\"WebSite\",\"@id\":\"https:\\\/\\\/www.armadillos.com.ar\\\/juguetes\\\/#website\",\"url\":\"https:\\\/\\\/www.armadillos.com.ar\\\/juguetes\\\/\",\"name\":\"Armadillos Juguetes: Productos Plegables\",\"description\":\"Productos Plegables Armadillos: juguetes de f\u00e1cil armado\",\"publisher\":{\"@id\":\"https:\\\/\\\/www.armadillos.com.ar\\\/juguetes\\\/#organization\"},\"potentialAction\":[{\"@type\":\"SearchAction\",\"target\":{\"@type\":\"EntryPoint\",\"urlTemplate\":\"https:\\\/\\\/www.armadillos.com.ar\\\/juguetes\\\/?s={search_term_string}\"},\"query-input\":{\"@type\":\"PropertyValueSpecification\",\"valueRequired\":true,\"valueName\":\"search_term_string\"}}],\"inLanguage\":\"es\"},{\"@type\":\"Organization\",\"@id\":\"https:\\\/\\\/www.armadillos.com.ar\\\/juguetes\\\/#organization\",\"name\":\"Armadillos\",\"url\":\"https:\\\/\\\/www.armadillos.com.ar\\\/juguetes\\\/\",\"logo\":{\"@type\":\"ImageObject\",\"inLanguage\":\"es\",\"@id\":\"https:\\\/\\\/www.armadillos.com.ar\\\/juguetes\\\/#\\\/schema\\\/logo\\\/image\\\/\",\"url\":\"https:\\\/\\\/www.armadillos.com.ar\\\/juguetes\\\/wp-content\\\/uploads\\\/2012\\\/09\\\/logo.png\",\"contentUrl\":\"https:\\\/\\\/www.armadillos.com.ar\\\/juguetes\\\/wp-content\\\/uploads\\\/2012\\\/09\\\/logo.png\",\"width\":180,\"height\":89,\"caption\":\"Armadillos\"},\"image\":{\"@id\":\"https:\\\/\\\/www.armadillos.com.ar\\\/juguetes\\\/#\\\/schema\\\/logo\\\/image\\\/\"},\"sameAs\":[\"https:\\\/\\\/www.facebook.com\\\/ArmadillosJuguetes\",\"https:\\\/\\\/www.instagram.com\\\/armadillosjuguetes\\\/\"]}]}<\/script>\n<!-- \/ Yoast SEO plugin. -->","yoast_head_json":{"title":"Capot\u00edn Multiuso &#8226; Armadillos Juguetes: Productos Plegables","description":"Armadillos Juguetes: Productos Plegables &#8226; Juguetes Plegables sistema POP-UP: Caba\u00f1a, Caba\u00f1a Alpina, Rodado Pelotero, T\u00fanel, B\u00e1squet, Castillo, Teatro de T\u00edteres, Barco Pirata, Laberinto, Carpa Pelotero","robots":{"index":"index","follow":"follow","max-snippet":"max-snippet:-1","max-image-preview":"max-image-preview:large","max-video-preview":"max-video-preview:-1"},"canonical":"https:\/\/www.armadillos.com.ar\/juguetes\/producto\/capotin-multiuso\/","og_locale":"es_ES","og_type":"article","og_title":"Capot\u00edn Multiuso &#8226; Armadillos Juguetes: Productos Plegables","og_description":"Armadillos Juguetes: Productos Plegables &#8226; Juguetes Plegables sistema POP-UP: Caba\u00f1a, Caba\u00f1a Alpina, Rodado Pelotero, T\u00fanel, B\u00e1squet, Castillo, Teatro de T\u00edteres, Barco Pirata, Laberinto, Carpa Pelotero","og_url":"https:\/\/www.armadillos.com.ar\/juguetes\/producto\/capotin-multiuso\/","og_site_name":"Armadillos Juguetes: Productos Plegables","article_publisher":"https:\/\/www.facebook.com\/ArmadillosJuguetes","article_modified_time":"2021-03-18T20:39:45+00:00","og_image":[{"width":600,"height":430,"url":"https:\/\/www.armadillos.com.ar\/juguetes\/wp-content\/uploads\/2020\/06\/Capotin.jpg","type":"image\/jpeg"}],"twitter_card":"summary_large_image","schema":{"@context":"https:\/\/schema.org","@graph":[{"@type":"WebPage","@id":"https:\/\/www.armadillos.com.ar\/juguetes\/producto\/capotin-multiuso\/","url":"https:\/\/www.armadillos.com.ar\/juguetes\/producto\/capotin-multiuso\/","name":"Capot\u00edn Multiuso &#8226; Armadillos Juguetes: Productos Plegables","isPartOf":{"@id":"https:\/\/www.armadillos.com.ar\/juguetes\/#website"},"primaryImageOfPage":{"@id":"https:\/\/www.armadillos.com.ar\/juguetes\/producto\/capotin-multiuso\/#primaryimage"},"image":{"@id":"https:\/\/www.armadillos.com.ar\/juguetes\/producto\/capotin-multiuso\/#primaryimage"},"thumbnailUrl":"https:\/\/www.armadillos.com.ar\/juguetes\/wp-content\/uploads\/2020\/06\/Capotin.jpg","datePublished":"2020-06-26T15:57:55+00:00","dateModified":"2021-03-18T20:39:45+00:00","description":"Armadillos Juguetes: Productos Plegables &#8226; Juguetes Plegables sistema POP-UP: Caba\u00f1a, Caba\u00f1a Alpina, Rodado Pelotero, T\u00fanel, B\u00e1squet, Castillo, Teatro de T\u00edteres, Barco Pirata, Laberinto, Carpa Pelotero","breadcrumb":{"@id":"https:\/\/www.armadillos.com.ar\/juguetes\/producto\/capotin-multiuso\/#breadcrumb"},"inLanguage":"es","potentialAction":[{"@type":"ReadAction","target":["https:\/\/www.armadillos.com.ar\/juguetes\/producto\/capotin-multiuso\/"]}]},{"@type":"ImageObject","inLanguage":"es","@id":"https:\/\/www.armadillos.com.ar\/juguetes\/producto\/capotin-multiuso\/#primaryimage","url":"https:\/\/www.armadillos.com.ar\/juguetes\/wp-content\/uploads\/2020\/06\/Capotin.jpg","contentUrl":"https:\/\/www.armadillos.com.ar\/juguetes\/wp-content\/uploads\/2020\/06\/Capotin.jpg","width":600,"height":430,"caption":"Capot\u00edn Multiuso"},{"@type":"BreadcrumbList","@id":"https:\/\/www.armadillos.com.ar\/juguetes\/producto\/capotin-multiuso\/#breadcrumb","itemListElement":[{"@type":"ListItem","position":1,"name":"Portada","item":"https:\/\/www.armadillos.com.ar\/juguetes\/"},{"@type":"ListItem","position":2,"name":"Tienda","item":"https:\/\/www.armadillos.com.ar\/juguetes\/tienda-armadillos\/"},{"@type":"ListItem","position":3,"name":"Capot\u00edn Multiuso"}]},{"@type":"WebSite","@id":"https:\/\/www.armadillos.com.ar\/juguetes\/#website","url":"https:\/\/www.armadillos.com.ar\/juguetes\/","name":"Armadillos Juguetes: Productos Plegables","description":"Productos Plegables Armadillos: juguetes de f\u00e1cil armado","publisher":{"@id":"https:\/\/www.armadillos.com.ar\/juguetes\/#organization"},"potentialAction":[{"@type":"SearchAction","target":{"@type":"EntryPoint","urlTemplate":"https:\/\/www.armadillos.com.ar\/juguetes\/?s={search_term_string}"},"query-input":{"@type":"PropertyValueSpecification","valueRequired":true,"valueName":"search_term_string"}}],"inLanguage":"es"},{"@type":"Organization","@id":"https:\/\/www.armadillos.com.ar\/juguetes\/#organization","name":"Armadillos","url":"https:\/\/www.armadillos.com.ar\/juguetes\/","logo":{"@type":"ImageObject","inLanguage":"es","@id":"https:\/\/www.armadillos.com.ar\/juguetes\/#\/schema\/logo\/image\/","url":"https:\/\/www.armadillos.com.ar\/juguetes\/wp-content\/uploads\/2012\/09\/logo.png","contentUrl":"https:\/\/www.armadillos.com.ar\/juguetes\/wp-content\/uploads\/2012\/09\/logo.png","width":180,"height":89,"caption":"Armadillos"},"image":{"@id":"https:\/\/www.armadillos.com.ar\/juguetes\/#\/schema\/logo\/image\/"},"sameAs":["https:\/\/www.facebook.com\/ArmadillosJuguetes","https:\/\/www.instagram.com\/armadillosjuguetes\/"]}]}},"_links":{"self":[{"href":"https:\/\/www.armadillos.com.ar\/juguetes\/wp-json\/wp\/v2\/product\/2161","targetHints":{"allow":["GET"]}}],"collection":[{"href":"https:\/\/www.armadillos.com.ar\/juguetes\/wp-json\/wp\/v2\/product"}],"about":[{"href":"https:\/\/www.armadillos.com.ar\/juguetes\/wp-json\/wp\/v2\/types\/product"}],"wp:featuredmedia":[{"embeddable":true,"href":"https:\/\/www.armadillos.com.ar\/juguetes\/wp-json\/wp\/v2\/media\/2162"}],"wp:attachment":[{"href":"https:\/\/www.armadillos.com.ar\/juguetes\/wp-json\/wp\/v2\/media?parent=2161"}],"wp:term":[{"taxonomy":"product_brand","embeddable":true,"href":"https:\/\/www.armadillos.com.ar\/juguetes\/wp-json\/wp\/v2\/product_brand?post=2161"},{"taxonomy":"product_cat","embeddable":true,"href":"https:\/\/www.armadillos.com.ar\/juguetes\/wp-json\/wp\/v2\/product_cat?post=2161"},{"taxonomy":"product_tag","embeddable":true,"href":"https:\/\/www.armadillos.com.ar\/juguetes\/wp-json\/wp\/v2\/product_tag?post=2161"}],"curies":[{"name":"wp","href":"https:\/\/api.w.org\/{rel}","templated":true}]}}