{"id":2086,"date":"2020-06-13T08:47:04","date_gmt":"2020-06-13T11:47:04","guid":{"rendered":"https:\/\/www.armadillos.com.ar\/juguetes\/?post_type=product&#038;p=2086"},"modified":"2025-07-15T11:37:43","modified_gmt":"2025-07-15T14:37:43","slug":"cabana-alpina","status":"publish","type":"product","link":"https:\/\/www.armadillos.com.ar\/juguetes\/producto\/cabana-alpina\/","title":{"rendered":"Caba\u00f1a Alpina"},"content":{"rendered":"<p>&gt; Se arma y desarma en segundos (sistema plegado POP-UP)<br \/>\n&gt; Atractivo y colorido dise\u00f1o<br \/>\n&gt; Techo a dos aguas desmontable<br \/>\n&gt; Realizado con tela repelente al agua<br \/>\n&gt; Gu\u00edas para estructura de tela reforzada<br \/>\n&gt; Costuras reforzadas con terminaci\u00f3n de calidad<br \/>\n&gt; Se puede conectar al tunel<br \/>\n&gt; <strong>Medidas:\u00a0<\/strong>92 x 92 x 100 cm aprox.<br \/>\n&gt; <strong>Colores disponibles:<\/strong> Rosa y\u00a0 Turquesa (Techo y puerta violeta en ambas)<\/p>\n<p><img decoding=\"async\" src=\"http:\/\/www.armadillos.com.ar\/juguetes\/wp-content\/uploads\/2012\/10\/productos-detalle-signo-a.jpg\" alt=\"\" width=\"23\" height=\"19\" \/>Bolso de s\u00f3lo 43 cm de di\u00e1metro, f\u00e1cilmente transportable<br \/>\n<img decoding=\"async\" src=\"http:\/\/www.armadillos.com.ar\/juguetes\/wp-content\/uploads\/2012\/10\/productos-detalle-signo-b.jpg\" alt=\"\" width=\"23\" height=\"19\" \/>Sistema para mantener la puerta plegada<br \/>\n<img decoding=\"async\" src=\"http:\/\/www.armadillos.com.ar\/juguetes\/wp-content\/uploads\/2012\/10\/productos-detalle-signo-c.jpg\" alt=\"\" width=\"23\" height=\"19\" \/>Cintas para facilitar su anclaje en la tierra o arena (estacas no incluidas)<\/p>\n<p><img decoding=\"async\" src=\"http:\/\/www.armadillos.com.ar\/juguetes\/wp-content\/uploads\/2012\/10\/productos-detalle-1a.jpg\" alt=\"\" width=\"90\" height=\"106\" \/> <img decoding=\"async\" src=\"http:\/\/www.armadillos.com.ar\/juguetes\/wp-content\/uploads\/2012\/10\/productos-detalle-1b.jpg\" alt=\"\" width=\"90\" height=\"106\" \/> <img decoding=\"async\" src=\"http:\/\/www.armadillos.com.ar\/juguetes\/wp-content\/uploads\/2012\/10\/productos-detalle-1c.jpg\" alt=\"\" width=\"90\" height=\"106\" \/><\/p>\n<p><img decoding=\"async\" class=\"alignleft size-full wp-image-294\" src=\"http:\/\/www.armadillos.com.ar\/juguetes\/wp-content\/uploads\/2012\/10\/seguridad-chico.jpg\" alt=\"\" width=\"50\" height=\"54\" \/><strong>Industria Argentina<\/strong><br \/>\nHecho de acuerdo a las normas de seguridad IRAM NM-300<\/p>\n<p style=\"font-size: 80%;\">Las im\u00e1genes publicadas son ilustrativas. Los colores y\/o tonos pueden variar seg\u00fan disponibilidad de la tela.<\/p>\n","protected":false},"excerpt":{"rendered":"<p style=\"color: red;\"><strong>CONSULTE POR CABA\u00d1AS ALPINAS DE OUTLET<\/strong><\/p>\n<p>Un espacio para disfrutar y jugar en la intimidad de un refugio en la monta\u00f1a.<br \/>\nLxs ni\u00f1xs desarrollan el juego simb\u00f3lico y la imaginaci\u00f3n creando su mundo en la protecci\u00f3n de un espacio propio.<br \/>\nTiene techo a dos aguas desmontable y posee un acceso frontal por donde se puede conectar el t\u00fanel.<br \/>\n\u00a1Luego se pliega en su bolsito!<\/p>\n","protected":false},"featured_media":2215,"template":"","meta":[],"product_brand":[],"product_cat":[35],"product_tag":[47],"class_list":{"0":"post-2086","1":"product","2":"type-product","3":"status-publish","4":"has-post-thumbnail","6":"product_cat-juguetes","7":"product_tag-casitas","9":"first","10":"outofstock","11":"sale","12":"shipping-taxable","13":"purchasable","14":"product-type-variable"},"yoast_head":"<!-- This site is optimized with the Yoast SEO plugin v27.2 - https:\/\/yoast.com\/product\/yoast-seo-wordpress\/ -->\n<title>Caba\u00f1a Alpina &#8226; Armadillos Juguetes: Productos Plegables<\/title>\n<meta name=\"description\" content=\"Armadillos Juguetes: Productos Plegables &#8226; Juguetes Plegables sistema POP-UP: Caba\u00f1a, Caba\u00f1a Alpina, Rodado Pelotero, T\u00fanel, B\u00e1squet, Castillo, Teatro de T\u00edteres, Barco Pirata, Laberinto, Carpa Pelotero\" \/>\n<meta name=\"robots\" content=\"index, follow, max-snippet:-1, max-image-preview:large, max-video-preview:-1\" \/>\n<link rel=\"canonical\" href=\"https:\/\/www.armadillos.com.ar\/juguetes\/producto\/cabana-alpina\/\" \/>\n<meta property=\"og:locale\" content=\"es_ES\" \/>\n<meta property=\"og:type\" content=\"article\" \/>\n<meta property=\"og:title\" content=\"Caba\u00f1a Alpina &#8226; Armadillos Juguetes: Productos Plegables\" \/>\n<meta property=\"og:description\" content=\"Armadillos Juguetes: Productos Plegables &#8226; Juguetes Plegables sistema POP-UP: Caba\u00f1a, Caba\u00f1a Alpina, Rodado Pelotero, T\u00fanel, B\u00e1squet, Castillo, Teatro de T\u00edteres, Barco Pirata, Laberinto, Carpa Pelotero\" \/>\n<meta property=\"og:url\" content=\"https:\/\/www.armadillos.com.ar\/juguetes\/producto\/cabana-alpina\/\" \/>\n<meta property=\"og:site_name\" content=\"Armadillos Juguetes: Productos Plegables\" \/>\n<meta property=\"article:publisher\" content=\"https:\/\/www.facebook.com\/ArmadillosJuguetes\" \/>\n<meta property=\"article:modified_time\" content=\"2025-07-15T14:37:43+00:00\" \/>\n<meta property=\"og:image\" content=\"https:\/\/www.armadillos.com.ar\/juguetes\/wp-content\/uploads\/2020\/06\/Alpina-1.jpg\" \/>\n\t<meta property=\"og:image:width\" content=\"620\" \/>\n\t<meta property=\"og:image:height\" content=\"444\" \/>\n\t<meta property=\"og:image:type\" content=\"image\/jpeg\" \/>\n<meta name=\"twitter:card\" content=\"summary_large_image\" \/>\n<meta name=\"twitter:label1\" content=\"Tiempo de lectura\" \/>\n\t<meta name=\"twitter:data1\" content=\"2 minutos\" \/>\n<script type=\"application\/ld+json\" class=\"yoast-schema-graph\">{\"@context\":\"https:\/\/schema.org\",\"@graph\":[{\"@type\":\"WebPage\",\"@id\":\"https:\/\/www.armadillos.com.ar\/juguetes\/producto\/cabana-alpina\/\",\"url\":\"https:\/\/www.armadillos.com.ar\/juguetes\/producto\/cabana-alpina\/\",\"name\":\"Caba\u00f1a Alpina &#8226; Armadillos Juguetes: Productos Plegables\",\"isPartOf\":{\"@id\":\"https:\/\/www.armadillos.com.ar\/juguetes\/#website\"},\"primaryImageOfPage\":{\"@id\":\"https:\/\/www.armadillos.com.ar\/juguetes\/producto\/cabana-alpina\/#primaryimage\"},\"image\":{\"@id\":\"https:\/\/www.armadillos.com.ar\/juguetes\/producto\/cabana-alpina\/#primaryimage\"},\"thumbnailUrl\":\"https:\/\/www.armadillos.com.ar\/juguetes\/wp-content\/uploads\/2020\/06\/Alpina-1.jpg\",\"datePublished\":\"2020-06-13T11:47:04+00:00\",\"dateModified\":\"2025-07-15T14:37:43+00:00\",\"description\":\"Armadillos Juguetes: Productos Plegables &#8226; Juguetes Plegables sistema POP-UP: Caba\u00f1a, Caba\u00f1a Alpina, Rodado Pelotero, T\u00fanel, B\u00e1squet, Castillo, Teatro de T\u00edteres, Barco Pirata, Laberinto, Carpa Pelotero\",\"breadcrumb\":{\"@id\":\"https:\/\/www.armadillos.com.ar\/juguetes\/producto\/cabana-alpina\/#breadcrumb\"},\"inLanguage\":\"es\",\"potentialAction\":[{\"@type\":\"ReadAction\",\"target\":[\"https:\/\/www.armadillos.com.ar\/juguetes\/producto\/cabana-alpina\/\"]}]},{\"@type\":\"ImageObject\",\"inLanguage\":\"es\",\"@id\":\"https:\/\/www.armadillos.com.ar\/juguetes\/producto\/cabana-alpina\/#primaryimage\",\"url\":\"https:\/\/www.armadillos.com.ar\/juguetes\/wp-content\/uploads\/2020\/06\/Alpina-1.jpg\",\"contentUrl\":\"https:\/\/www.armadillos.com.ar\/juguetes\/wp-content\/uploads\/2020\/06\/Alpina-1.jpg\",\"width\":620,\"height\":444,\"caption\":\"Caba\u00f1a Alpina\"},{\"@type\":\"BreadcrumbList\",\"@id\":\"https:\/\/www.armadillos.com.ar\/juguetes\/producto\/cabana-alpina\/#breadcrumb\",\"itemListElement\":[{\"@type\":\"ListItem\",\"position\":1,\"name\":\"Portada\",\"item\":\"https:\/\/www.armadillos.com.ar\/juguetes\/\"},{\"@type\":\"ListItem\",\"position\":2,\"name\":\"Tienda\",\"item\":\"https:\/\/www.armadillos.com.ar\/juguetes\/tienda-armadillos\/\"},{\"@type\":\"ListItem\",\"position\":3,\"name\":\"Caba\u00f1a Alpina\"}]},{\"@type\":\"WebSite\",\"@id\":\"https:\/\/www.armadillos.com.ar\/juguetes\/#website\",\"url\":\"https:\/\/www.armadillos.com.ar\/juguetes\/\",\"name\":\"Armadillos Juguetes: Productos Plegables\",\"description\":\"Productos Plegables Armadillos: juguetes de f\u00e1cil armado\",\"publisher\":{\"@id\":\"https:\/\/www.armadillos.com.ar\/juguetes\/#organization\"},\"potentialAction\":[{\"@type\":\"SearchAction\",\"target\":{\"@type\":\"EntryPoint\",\"urlTemplate\":\"https:\/\/www.armadillos.com.ar\/juguetes\/?s={search_term_string}\"},\"query-input\":{\"@type\":\"PropertyValueSpecification\",\"valueRequired\":true,\"valueName\":\"search_term_string\"}}],\"inLanguage\":\"es\"},{\"@type\":\"Organization\",\"@id\":\"https:\/\/www.armadillos.com.ar\/juguetes\/#organization\",\"name\":\"Armadillos\",\"url\":\"https:\/\/www.armadillos.com.ar\/juguetes\/\",\"logo\":{\"@type\":\"ImageObject\",\"inLanguage\":\"es\",\"@id\":\"https:\/\/www.armadillos.com.ar\/juguetes\/#\/schema\/logo\/image\/\",\"url\":\"https:\/\/www.armadillos.com.ar\/juguetes\/wp-content\/uploads\/2012\/09\/logo.png\",\"contentUrl\":\"https:\/\/www.armadillos.com.ar\/juguetes\/wp-content\/uploads\/2012\/09\/logo.png\",\"width\":180,\"height\":89,\"caption\":\"Armadillos\"},\"image\":{\"@id\":\"https:\/\/www.armadillos.com.ar\/juguetes\/#\/schema\/logo\/image\/\"},\"sameAs\":[\"https:\/\/www.facebook.com\/ArmadillosJuguetes\",\"https:\/\/www.instagram.com\/armadillosjuguetes\/\"]}]}<\/script>\n<!-- \/ Yoast SEO plugin. -->","yoast_head_json":{"title":"Caba\u00f1a Alpina &#8226; Armadillos Juguetes: Productos Plegables","description":"Armadillos Juguetes: Productos Plegables &#8226; Juguetes Plegables sistema POP-UP: Caba\u00f1a, Caba\u00f1a Alpina, Rodado Pelotero, T\u00fanel, B\u00e1squet, Castillo, Teatro de T\u00edteres, Barco Pirata, Laberinto, Carpa Pelotero","robots":{"index":"index","follow":"follow","max-snippet":"max-snippet:-1","max-image-preview":"max-image-preview:large","max-video-preview":"max-video-preview:-1"},"canonical":"https:\/\/www.armadillos.com.ar\/juguetes\/producto\/cabana-alpina\/","og_locale":"es_ES","og_type":"article","og_title":"Caba\u00f1a Alpina &#8226; Armadillos Juguetes: Productos Plegables","og_description":"Armadillos Juguetes: Productos Plegables &#8226; Juguetes Plegables sistema POP-UP: Caba\u00f1a, Caba\u00f1a Alpina, Rodado Pelotero, T\u00fanel, B\u00e1squet, Castillo, Teatro de T\u00edteres, Barco Pirata, Laberinto, Carpa Pelotero","og_url":"https:\/\/www.armadillos.com.ar\/juguetes\/producto\/cabana-alpina\/","og_site_name":"Armadillos Juguetes: Productos Plegables","article_publisher":"https:\/\/www.facebook.com\/ArmadillosJuguetes","article_modified_time":"2025-07-15T14:37:43+00:00","og_image":[{"width":620,"height":444,"url":"https:\/\/www.armadillos.com.ar\/juguetes\/wp-content\/uploads\/2020\/06\/Alpina-1.jpg","type":"image\/jpeg"}],"twitter_card":"summary_large_image","twitter_misc":{"Tiempo de lectura":"2 minutos"},"schema":{"@context":"https:\/\/schema.org","@graph":[{"@type":"WebPage","@id":"https:\/\/www.armadillos.com.ar\/juguetes\/producto\/cabana-alpina\/","url":"https:\/\/www.armadillos.com.ar\/juguetes\/producto\/cabana-alpina\/","name":"Caba\u00f1a Alpina &#8226; Armadillos Juguetes: Productos Plegables","isPartOf":{"@id":"https:\/\/www.armadillos.com.ar\/juguetes\/#website"},"primaryImageOfPage":{"@id":"https:\/\/www.armadillos.com.ar\/juguetes\/producto\/cabana-alpina\/#primaryimage"},"image":{"@id":"https:\/\/www.armadillos.com.ar\/juguetes\/producto\/cabana-alpina\/#primaryimage"},"thumbnailUrl":"https:\/\/www.armadillos.com.ar\/juguetes\/wp-content\/uploads\/2020\/06\/Alpina-1.jpg","datePublished":"2020-06-13T11:47:04+00:00","dateModified":"2025-07-15T14:37:43+00:00","description":"Armadillos Juguetes: Productos Plegables &#8226; Juguetes Plegables sistema POP-UP: Caba\u00f1a, Caba\u00f1a Alpina, Rodado Pelotero, T\u00fanel, B\u00e1squet, Castillo, Teatro de T\u00edteres, Barco Pirata, Laberinto, Carpa Pelotero","breadcrumb":{"@id":"https:\/\/www.armadillos.com.ar\/juguetes\/producto\/cabana-alpina\/#breadcrumb"},"inLanguage":"es","potentialAction":[{"@type":"ReadAction","target":["https:\/\/www.armadillos.com.ar\/juguetes\/producto\/cabana-alpina\/"]}]},{"@type":"ImageObject","inLanguage":"es","@id":"https:\/\/www.armadillos.com.ar\/juguetes\/producto\/cabana-alpina\/#primaryimage","url":"https:\/\/www.armadillos.com.ar\/juguetes\/wp-content\/uploads\/2020\/06\/Alpina-1.jpg","contentUrl":"https:\/\/www.armadillos.com.ar\/juguetes\/wp-content\/uploads\/2020\/06\/Alpina-1.jpg","width":620,"height":444,"caption":"Caba\u00f1a Alpina"},{"@type":"BreadcrumbList","@id":"https:\/\/www.armadillos.com.ar\/juguetes\/producto\/cabana-alpina\/#breadcrumb","itemListElement":[{"@type":"ListItem","position":1,"name":"Portada","item":"https:\/\/www.armadillos.com.ar\/juguetes\/"},{"@type":"ListItem","position":2,"name":"Tienda","item":"https:\/\/www.armadillos.com.ar\/juguetes\/tienda-armadillos\/"},{"@type":"ListItem","position":3,"name":"Caba\u00f1a Alpina"}]},{"@type":"WebSite","@id":"https:\/\/www.armadillos.com.ar\/juguetes\/#website","url":"https:\/\/www.armadillos.com.ar\/juguetes\/","name":"Armadillos Juguetes: Productos Plegables","description":"Productos Plegables Armadillos: juguetes de f\u00e1cil armado","publisher":{"@id":"https:\/\/www.armadillos.com.ar\/juguetes\/#organization"},"potentialAction":[{"@type":"SearchAction","target":{"@type":"EntryPoint","urlTemplate":"https:\/\/www.armadillos.com.ar\/juguetes\/?s={search_term_string}"},"query-input":{"@type":"PropertyValueSpecification","valueRequired":true,"valueName":"search_term_string"}}],"inLanguage":"es"},{"@type":"Organization","@id":"https:\/\/www.armadillos.com.ar\/juguetes\/#organization","name":"Armadillos","url":"https:\/\/www.armadillos.com.ar\/juguetes\/","logo":{"@type":"ImageObject","inLanguage":"es","@id":"https:\/\/www.armadillos.com.ar\/juguetes\/#\/schema\/logo\/image\/","url":"https:\/\/www.armadillos.com.ar\/juguetes\/wp-content\/uploads\/2012\/09\/logo.png","contentUrl":"https:\/\/www.armadillos.com.ar\/juguetes\/wp-content\/uploads\/2012\/09\/logo.png","width":180,"height":89,"caption":"Armadillos"},"image":{"@id":"https:\/\/www.armadillos.com.ar\/juguetes\/#\/schema\/logo\/image\/"},"sameAs":["https:\/\/www.facebook.com\/ArmadillosJuguetes","https:\/\/www.instagram.com\/armadillosjuguetes\/"]}]}},"_links":{"self":[{"href":"https:\/\/www.armadillos.com.ar\/juguetes\/wp-json\/wp\/v2\/product\/2086","targetHints":{"allow":["GET"]}}],"collection":[{"href":"https:\/\/www.armadillos.com.ar\/juguetes\/wp-json\/wp\/v2\/product"}],"about":[{"href":"https:\/\/www.armadillos.com.ar\/juguetes\/wp-json\/wp\/v2\/types\/product"}],"wp:featuredmedia":[{"embeddable":true,"href":"https:\/\/www.armadillos.com.ar\/juguetes\/wp-json\/wp\/v2\/media\/2215"}],"wp:attachment":[{"href":"https:\/\/www.armadillos.com.ar\/juguetes\/wp-json\/wp\/v2\/media?parent=2086"}],"wp:term":[{"taxonomy":"product_brand","embeddable":true,"href":"https:\/\/www.armadillos.com.ar\/juguetes\/wp-json\/wp\/v2\/product_brand?post=2086"},{"taxonomy":"product_cat","embeddable":true,"href":"https:\/\/www.armadillos.com.ar\/juguetes\/wp-json\/wp\/v2\/product_cat?post=2086"},{"taxonomy":"product_tag","embeddable":true,"href":"https:\/\/www.armadillos.com.ar\/juguetes\/wp-json\/wp\/v2\/product_tag?post=2086"}],"curies":[{"name":"wp","href":"https:\/\/api.w.org\/{rel}","templated":true}]}}