{"id":388,"date":"2012-10-18T20:30:05","date_gmt":"2012-10-18T20:30:05","guid":{"rendered":"http:\/\/www.armadillos.com.ar\/juguetes\/?page_id=388"},"modified":"2018-07-23T17:15:34","modified_gmt":"2018-07-23T20:15:34","slug":"teatro-de-titeres","status":"publish","type":"page","link":"https:\/\/www.armadillos.com.ar\/juguetes\/teatro-de-titeres\/","title":{"rendered":"Teatro de T\u00edteres"},"content":{"rendered":"<p>Volver a <a href=\"http:\/\/www.armadillos.com.ar\/juguetes\/instrucciones\/\">Instrucciones &gt; Gr\u00e1ficos<\/a><\/p>\n<div class=\"fusion-fullwidth fullwidth-box fusion-builder-row-1 hundred-percent-fullwidth non-hundred-percent-height-scrolling\" style=\"--awb-border-radius-top-left:0px;--awb-border-radius-top-right:0px;--awb-border-radius-bottom-right:0px;--awb-border-radius-bottom-left:0px;--awb-overflow:visible;--awb-flex-wrap:wrap;\" ><div class=\"fusion-builder-row fusion-row\"><div class=\"fusion-layout-column fusion_builder_column fusion-builder-column-0 fusion_builder_column_1_1 1_1 fusion-one-full fusion-column-first fusion-column-last fusion-column-no-min-height\" style=\"--awb-bg-size:cover;--awb-margin-bottom:0px;\"><div class=\"fusion-column-wrapper fusion-flex-column-wrapper-legacy\"><div class=\"accordian fusion-accordian\" style=\"--awb-border-size:1px;--awb-icon-size:13px;--awb-content-font-size:13px;--awb-icon-alignment:left;--awb-hover-color:#f9f9f9;--awb-border-color:#cccccc;--awb-background-color:#ffffff;--awb-divider-color:#e0dede;--awb-divider-hover-color:#e0dede;--awb-icon-color:#ffffff;--awb-title-color:#342cc1;--awb-content-color:#747474;--awb-icon-box-color:#fe8a16;--awb-toggle-hover-accent-color:#fe8a16;--awb-title-font-family:&quot;Nunito&quot;;--awb-title-font-weight:400;--awb-title-font-style:normal;--awb-title-font-size:12px;--awb-content-font-family:&quot;PT Sans&quot;;--awb-content-font-style:normal;--awb-content-font-weight:700;\"><div class=\"panel-group fusion-toggle-icon-boxed\" id=\"accordion-388-1\"><div class=\"fusion-panel panel-default panel-5cbfebdfc95d771ec fusion-toggle-has-divider\"><div class=\"panel-heading\"><h4 class=\"panel-title toggle\" id=\"toggle_5cbfebdfc95d771ec\"><a aria-expanded=\"false\" aria-controls=\"5cbfebdfc95d771ec\" role=\"button\" data-toggle=\"collapse\" data-parent=\"#accordion-388-1\" data-target=\"#5cbfebdfc95d771ec\" href=\"#5cbfebdfc95d771ec\"><span class=\"fusion-toggle-icon-wrapper\" aria-hidden=\"true\"><i class=\"fa-fusion-box active-icon awb-icon-minus\" aria-hidden=\"true\"><\/i><i class=\"fa-fusion-box inactive-icon awb-icon-plus\" aria-hidden=\"true\"><\/i><\/span><span class=\"fusion-toggle-heading\">Armado<\/span><\/a><\/h4><\/div><div id=\"5cbfebdfc95d771ec\" class=\"panel-collapse collapse \" aria-labelledby=\"toggle_5cbfebdfc95d771ec\"><div class=\"panel-body toggle-content fusion-clearfix\">\n<p><a href=\"http:\/\/www.armadillos.com.ar\/juguetes\/wp-content\/uploads\/2012\/10\/instrucciones-slider3-armado.jpg\" rel=\"prettyPhoto\"><img decoding=\"async\" src=\"http:\/\/www.armadillos.com.ar\/juguetes\/wp-content\/uploads\/2012\/10\/instrucciones-slider3-armado.jpg\" alt=\"\" width=\"940\" height=\"400\" \/><\/a><\/p>\n<\/div><\/div><\/div>\n<div class=\"fusion-panel panel-default panel-3e2d02d13da3c2f46 fusion-toggle-has-divider\"><div class=\"panel-heading\"><h4 class=\"panel-title toggle\" id=\"toggle_3e2d02d13da3c2f46\"><a aria-expanded=\"false\" aria-controls=\"3e2d02d13da3c2f46\" role=\"button\" data-toggle=\"collapse\" data-parent=\"#accordion-388-1\" data-target=\"#3e2d02d13da3c2f46\" href=\"#3e2d02d13da3c2f46\"><span class=\"fusion-toggle-icon-wrapper\" aria-hidden=\"true\"><i class=\"fa-fusion-box active-icon awb-icon-minus\" aria-hidden=\"true\"><\/i><i class=\"fa-fusion-box inactive-icon awb-icon-plus\" aria-hidden=\"true\"><\/i><\/span><span class=\"fusion-toggle-heading\">Plegado<\/span><\/a><\/h4><\/div><div id=\"3e2d02d13da3c2f46\" class=\"panel-collapse collapse \" aria-labelledby=\"toggle_3e2d02d13da3c2f46\"><div class=\"panel-body toggle-content fusion-clearfix\">\n<div class=\"fusion-slider-sc fusion-flexslider-loading flexslider flexslider-hover-type-none\" data-slideshow_autoplay=\"1\" data-slideshow_smooth_height=\"0\" data-slideshow_speed=\"2500\" style=\"max-width:100%;height:100%;\"><ul class=\"slides\"><li class=\"image\"><a class=\"lightbox-enabled fusion-lightbox\" data-rel=\"iLightbox[slider_carousel_1]\" href=\"http:\/\/www.armadillos.com.ar\/juguetes\/wp-content\/uploads\/2012\/10\/instrucciones-slider3-plegado1.jpg\" target=\"_self\"><span class=\"fusion-image-hover-element hover-type-none\"><img decoding=\"async\" src=\"http:\/\/www.armadillos.com.ar\/juguetes\/wp-content\/uploads\/2012\/10\/instrucciones-slider3-plegado1.jpg\" \/><\/span><\/a><\/li><li class=\"image\"><a class=\"lightbox-enabled fusion-lightbox\" data-rel=\"iLightbox[slider_carousel_1]\" href=\"http:\/\/www.armadillos.com.ar\/juguetes\/wp-content\/uploads\/2012\/10\/instrucciones-slider3-plegado2.jpg\" target=\"_self\"><span class=\"fusion-image-hover-element hover-type-none\"><img decoding=\"async\" src=\"http:\/\/www.armadillos.com.ar\/juguetes\/wp-content\/uploads\/2012\/10\/instrucciones-slider3-plegado2.jpg\" \/><\/span><\/a><\/li><li class=\"image\"><a class=\"lightbox-enabled fusion-lightbox\" data-rel=\"iLightbox[slider_carousel_1]\" href=\"http:\/\/www.armadillos.com.ar\/juguetes\/wp-content\/uploads\/2012\/10\/instrucciones-slider3-plegado3.jpg\" target=\"_self\"><span class=\"fusion-image-hover-element hover-type-none\"><img decoding=\"async\" src=\"http:\/\/www.armadillos.com.ar\/juguetes\/wp-content\/uploads\/2012\/10\/instrucciones-slider3-plegado3.jpg\" \/><\/span><\/a><\/li><\/ul><\/div>\n<\/div><\/div><\/div><\/div><\/div>\n<div class=\"fusion-clearfix\"><\/div><\/div><\/div><div class=\"fusion-layout-column fusion_builder_column fusion-builder-column-1 fusion_builder_column_1_1 1_1 fusion-one-full fusion-column-first fusion-column-last fusion-column-no-min-height\" style=\"--awb-bg-size:cover;--awb-margin-bottom:0px;\"><div class=\"fusion-column-wrapper fusion-flex-column-wrapper-legacy\"><div class=\"fusion-tabs fusion-tabs-1 classic nav-is-justified horizontal-tabs icon-position-left mobile-mode-accordion\" style=\"--awb-title-border-radius-top-left:0px;--awb-title-border-radius-top-right:0px;--awb-title-border-radius-bottom-right:0px;--awb-title-border-radius-bottom-left:0px;--awb-inactive-color:#ebeaea;--awb-background-color:#ffffff;--awb-border-color:#ffffff;--awb-active-border-color:#fe8a16;\"><div class=\"nav\"><ul class=\"nav-tabs nav-justified\" role=\"tablist\" aria-orientation=\"horizontal\"><li class=\"active\" role=\"presentation\"><a class=\"tab-link\" data-toggle=\"tab\" role=\"tab\" aria-controls=\"tab-d42fc456e13cea5e35e\" aria-selected=\"true\" tabindex=\"0\" id=\"fusion-tab-d42fc456e13cea5e35e\" href=\"#tab-d42fc456e13cea5e35e\"><h4 class=\"fusion-tab-heading\"><strong>Advertencias:<\/strong><\/h4><\/a><\/li><li  role=\"presentation\"><a class=\"tab-link\" data-toggle=\"tab\" role=\"tab\" aria-controls=\"tab-fada775a4cfffb520da\" aria-selected=\"false\" tabindex=\"-1\" id=\"fusion-tab-fada775a4cfffb520da\" href=\"#tab-fada775a4cfffb520da\"><h4 class=\"fusion-tab-heading\"><strong>Notas:<\/strong><\/h4><\/a><\/li><\/ul><\/div><div class=\"tab-content\"><div class=\"nav fusion-mobile-tab-nav\"><ul class=\"nav-tabs nav-justified\" role=\"tablist\" aria-orientation=\"horizontal\"><li class=\"active\" role=\"presentation\"><a class=\"tab-link\" data-toggle=\"tab\" role=\"tab\" aria-controls=\"tab-d42fc456e13cea5e35e\" aria-selected=\"true\" tabindex=\"0\" id=\"mobile-fusion-tab-d42fc456e13cea5e35e\" href=\"#tab-d42fc456e13cea5e35e\"><h4 class=\"fusion-tab-heading\"><strong>Advertencias:<\/strong><\/h4><\/a><\/li><\/ul><\/div><div class=\"tab-pane fade fusion-clearfix in active\" role=\"tabpanel\" tabindex=\"0\" aria-labelledby=\"fusion-tab-d42fc456e13cea5e35e\" id=\"tab-d42fc456e13cea5e35e\">\n\u00a1Atenci\u00f3n! Mantener lejos del fuego.<br \/>\nLea las instrucciones antes de sacar el art\u00edculo de su funda.<br \/>\nSi al comprarlo el producto est\u00e1 en una bolsa de pl\u00e1stico; esta debe ser descartada antes del uso inicial.<br \/>\nEste producto debe ser armado y plegado por un adulto, manteniendo a los ni\u00f1os a una distancia\u00a0prudencial\u00a0, ya que contiene un resorte que se expande r\u00e1pidamente.<br \/>\nNo dejar a la intemperie o expuesto por per\u00edodos prolongados al sol o fuentes de calor.<br \/>\nNo debe ser lavado. No introducir en un lavarropa. \u00a0Para limpiar utilice un trapo\u00a0h\u00famedo\u00a0con agua. Deje secar al aire. No guarde el producto\u00a0h\u00famedo. No use productos abrasivos.<br \/>\nConserve las instrucciones para\u00a0futura\u00a0referencia.<\/div><div class=\"nav fusion-mobile-tab-nav\"><ul class=\"nav-tabs nav-justified\" role=\"tablist\" aria-orientation=\"horizontal\"><li  role=\"presentation\"><a class=\"tab-link\" data-toggle=\"tab\" role=\"tab\" aria-controls=\"tab-fada775a4cfffb520da\" aria-selected=\"false\" tabindex=\"-1\" id=\"mobile-fusion-tab-fada775a4cfffb520da\" href=\"#tab-fada775a4cfffb520da\"><h4 class=\"fusion-tab-heading\"><strong>Notas:<\/strong><\/h4><\/a><\/li><\/ul><\/div><div class=\"tab-pane fade fusion-clearfix\" role=\"tabpanel\" tabindex=\"0\" aria-labelledby=\"fusion-tab-d42fc456e13cea5e35e\" id=\"tab-fada775a4cfffb520da\">Si el producto no se para bien o nota que alguno de los paneles\u00a0est\u00e1\u00a0curvado, puede que la estructura se haya torcido.<br \/>\nPara solucionarlo, simplemente pase los dedos por la estructura alrededor de la\u00a0gu\u00eda del panel con el problema.<br \/>\nCuando sienta el fleje torcido, ponga sus manos a cada lado y haga una\u00a0acci\u00f3n\u00a0tipo pedal de bicicleta (una mano hacia adelante y una mano hacia\u00a0atr\u00e1s) en la\u00a0direcci\u00f3n\u00a0que enderece el fleje. \u00a0<\/div><\/div><\/div><div class=\"fusion-clearfix\"><\/div><\/div><\/div><\/div><\/div>\n","protected":false},"excerpt":{"rendered":"<p>Volver a Instrucciones &gt; Gr\u00e1ficos<\/p>\n","protected":false},"author":1,"featured_media":0,"parent":0,"menu_order":0,"comment_status":"closed","ping_status":"closed","template":"","meta":{"footnotes":""},"class_list":["post-388","page","type-page","status-publish","hentry"],"yoast_head":"<!-- This site is optimized with the Yoast SEO plugin v27.2 - https:\/\/yoast.com\/product\/yoast-seo-wordpress\/ -->\n<title>Teatro de T\u00edteres &#8226; Armadillos Juguetes: Productos Plegables<\/title>\n<meta name=\"description\" content=\"Armadillos Juguetes: Productos Plegables &#8226; Juguetes Plegables sistema POP-UP: Caba\u00f1a, Caba\u00f1a Alpina, Rodado Pelotero, T\u00fanel, B\u00e1squet, Castillo, Teatro de T\u00edteres, Barco Pirata, Laberinto, Carpa Pelotero\" \/>\n<meta name=\"robots\" content=\"index, follow, max-snippet:-1, max-image-preview:large, max-video-preview:-1\" \/>\n<link rel=\"canonical\" href=\"https:\/\/www.armadillos.com.ar\/juguetes\/teatro-de-titeres\/\" \/>\n<meta property=\"og:locale\" content=\"es_ES\" \/>\n<meta property=\"og:type\" content=\"article\" \/>\n<meta property=\"og:title\" content=\"Teatro de T\u00edteres &#8226; Armadillos Juguetes: Productos Plegables\" \/>\n<meta property=\"og:description\" content=\"Armadillos Juguetes: Productos Plegables &#8226; Juguetes Plegables sistema POP-UP: Caba\u00f1a, Caba\u00f1a Alpina, Rodado Pelotero, T\u00fanel, B\u00e1squet, Castillo, Teatro de T\u00edteres, Barco Pirata, Laberinto, Carpa Pelotero\" \/>\n<meta property=\"og:url\" content=\"https:\/\/www.armadillos.com.ar\/juguetes\/teatro-de-titeres\/\" \/>\n<meta property=\"og:site_name\" content=\"Armadillos Juguetes: Productos Plegables\" \/>\n<meta property=\"article:publisher\" content=\"https:\/\/www.facebook.com\/ArmadillosJuguetes\" \/>\n<meta property=\"article:modified_time\" content=\"2018-07-23T20:15:34+00:00\" \/>\n<meta property=\"og:image\" content=\"http:\/\/www.armadillos.com.ar\/juguetes\/wp-content\/uploads\/2012\/10\/instrucciones-slider3-armado.jpg\" \/>\n<meta name=\"twitter:card\" content=\"summary_large_image\" \/>\n<meta name=\"twitter:label1\" content=\"Tiempo de lectura\" \/>\n\t<meta name=\"twitter:data1\" content=\"2 minutos\" \/>\n<script type=\"application\/ld+json\" class=\"yoast-schema-graph\">{\"@context\":\"https:\/\/schema.org\",\"@graph\":[{\"@type\":\"WebPage\",\"@id\":\"https:\/\/www.armadillos.com.ar\/juguetes\/teatro-de-titeres\/\",\"url\":\"https:\/\/www.armadillos.com.ar\/juguetes\/teatro-de-titeres\/\",\"name\":\"Teatro de T\u00edteres &#8226; Armadillos Juguetes: Productos Plegables\",\"isPartOf\":{\"@id\":\"https:\/\/www.armadillos.com.ar\/juguetes\/#website\"},\"primaryImageOfPage\":{\"@id\":\"https:\/\/www.armadillos.com.ar\/juguetes\/teatro-de-titeres\/#primaryimage\"},\"image\":{\"@id\":\"https:\/\/www.armadillos.com.ar\/juguetes\/teatro-de-titeres\/#primaryimage\"},\"thumbnailUrl\":\"http:\/\/www.armadillos.com.ar\/juguetes\/wp-content\/uploads\/2012\/10\/instrucciones-slider3-armado.jpg\",\"datePublished\":\"2012-10-18T20:30:05+00:00\",\"dateModified\":\"2018-07-23T20:15:34+00:00\",\"description\":\"Armadillos Juguetes: Productos Plegables &#8226; Juguetes Plegables sistema POP-UP: Caba\u00f1a, Caba\u00f1a Alpina, Rodado Pelotero, T\u00fanel, B\u00e1squet, Castillo, Teatro de T\u00edteres, Barco Pirata, Laberinto, Carpa Pelotero\",\"breadcrumb\":{\"@id\":\"https:\/\/www.armadillos.com.ar\/juguetes\/teatro-de-titeres\/#breadcrumb\"},\"inLanguage\":\"es\",\"potentialAction\":[{\"@type\":\"ReadAction\",\"target\":[\"https:\/\/www.armadillos.com.ar\/juguetes\/teatro-de-titeres\/\"]}]},{\"@type\":\"ImageObject\",\"inLanguage\":\"es\",\"@id\":\"https:\/\/www.armadillos.com.ar\/juguetes\/teatro-de-titeres\/#primaryimage\",\"url\":\"https:\/\/www.armadillos.com.ar\/juguetes\/wp-content\/uploads\/2012\/10\/instrucciones-slider3-armado.jpg\",\"contentUrl\":\"https:\/\/www.armadillos.com.ar\/juguetes\/wp-content\/uploads\/2012\/10\/instrucciones-slider3-armado.jpg\",\"width\":940,\"height\":400},{\"@type\":\"BreadcrumbList\",\"@id\":\"https:\/\/www.armadillos.com.ar\/juguetes\/teatro-de-titeres\/#breadcrumb\",\"itemListElement\":[{\"@type\":\"ListItem\",\"position\":1,\"name\":\"Portada\",\"item\":\"https:\/\/www.armadillos.com.ar\/juguetes\/\"},{\"@type\":\"ListItem\",\"position\":2,\"name\":\"Teatro de T\u00edteres\"}]},{\"@type\":\"WebSite\",\"@id\":\"https:\/\/www.armadillos.com.ar\/juguetes\/#website\",\"url\":\"https:\/\/www.armadillos.com.ar\/juguetes\/\",\"name\":\"Armadillos Juguetes: Productos Plegables\",\"description\":\"Productos Plegables Armadillos: juguetes de f\u00e1cil armado\",\"publisher\":{\"@id\":\"https:\/\/www.armadillos.com.ar\/juguetes\/#organization\"},\"potentialAction\":[{\"@type\":\"SearchAction\",\"target\":{\"@type\":\"EntryPoint\",\"urlTemplate\":\"https:\/\/www.armadillos.com.ar\/juguetes\/?s={search_term_string}\"},\"query-input\":{\"@type\":\"PropertyValueSpecification\",\"valueRequired\":true,\"valueName\":\"search_term_string\"}}],\"inLanguage\":\"es\"},{\"@type\":\"Organization\",\"@id\":\"https:\/\/www.armadillos.com.ar\/juguetes\/#organization\",\"name\":\"Armadillos\",\"url\":\"https:\/\/www.armadillos.com.ar\/juguetes\/\",\"logo\":{\"@type\":\"ImageObject\",\"inLanguage\":\"es\",\"@id\":\"https:\/\/www.armadillos.com.ar\/juguetes\/#\/schema\/logo\/image\/\",\"url\":\"https:\/\/www.armadillos.com.ar\/juguetes\/wp-content\/uploads\/2012\/09\/logo.png\",\"contentUrl\":\"https:\/\/www.armadillos.com.ar\/juguetes\/wp-content\/uploads\/2012\/09\/logo.png\",\"width\":180,\"height\":89,\"caption\":\"Armadillos\"},\"image\":{\"@id\":\"https:\/\/www.armadillos.com.ar\/juguetes\/#\/schema\/logo\/image\/\"},\"sameAs\":[\"https:\/\/www.facebook.com\/ArmadillosJuguetes\",\"https:\/\/www.instagram.com\/armadillosjuguetes\/\"]}]}<\/script>\n<!-- \/ Yoast SEO plugin. -->","yoast_head_json":{"title":"Teatro de T\u00edteres &#8226; Armadillos Juguetes: Productos Plegables","description":"Armadillos Juguetes: Productos Plegables &#8226; Juguetes Plegables sistema POP-UP: Caba\u00f1a, Caba\u00f1a Alpina, Rodado Pelotero, T\u00fanel, B\u00e1squet, Castillo, Teatro de T\u00edteres, Barco Pirata, Laberinto, Carpa Pelotero","robots":{"index":"index","follow":"follow","max-snippet":"max-snippet:-1","max-image-preview":"max-image-preview:large","max-video-preview":"max-video-preview:-1"},"canonical":"https:\/\/www.armadillos.com.ar\/juguetes\/teatro-de-titeres\/","og_locale":"es_ES","og_type":"article","og_title":"Teatro de T\u00edteres &#8226; Armadillos Juguetes: Productos Plegables","og_description":"Armadillos Juguetes: Productos Plegables &#8226; Juguetes Plegables sistema POP-UP: Caba\u00f1a, Caba\u00f1a Alpina, Rodado Pelotero, T\u00fanel, B\u00e1squet, Castillo, Teatro de T\u00edteres, Barco Pirata, Laberinto, Carpa Pelotero","og_url":"https:\/\/www.armadillos.com.ar\/juguetes\/teatro-de-titeres\/","og_site_name":"Armadillos Juguetes: Productos Plegables","article_publisher":"https:\/\/www.facebook.com\/ArmadillosJuguetes","article_modified_time":"2018-07-23T20:15:34+00:00","og_image":[{"url":"http:\/\/www.armadillos.com.ar\/juguetes\/wp-content\/uploads\/2012\/10\/instrucciones-slider3-armado.jpg","type":"","width":"","height":""}],"twitter_card":"summary_large_image","twitter_misc":{"Tiempo de lectura":"2 minutos"},"schema":{"@context":"https:\/\/schema.org","@graph":[{"@type":"WebPage","@id":"https:\/\/www.armadillos.com.ar\/juguetes\/teatro-de-titeres\/","url":"https:\/\/www.armadillos.com.ar\/juguetes\/teatro-de-titeres\/","name":"Teatro de T\u00edteres &#8226; Armadillos Juguetes: Productos Plegables","isPartOf":{"@id":"https:\/\/www.armadillos.com.ar\/juguetes\/#website"},"primaryImageOfPage":{"@id":"https:\/\/www.armadillos.com.ar\/juguetes\/teatro-de-titeres\/#primaryimage"},"image":{"@id":"https:\/\/www.armadillos.com.ar\/juguetes\/teatro-de-titeres\/#primaryimage"},"thumbnailUrl":"http:\/\/www.armadillos.com.ar\/juguetes\/wp-content\/uploads\/2012\/10\/instrucciones-slider3-armado.jpg","datePublished":"2012-10-18T20:30:05+00:00","dateModified":"2018-07-23T20:15:34+00:00","description":"Armadillos Juguetes: Productos Plegables &#8226; Juguetes Plegables sistema POP-UP: Caba\u00f1a, Caba\u00f1a Alpina, Rodado Pelotero, T\u00fanel, B\u00e1squet, Castillo, Teatro de T\u00edteres, Barco Pirata, Laberinto, Carpa Pelotero","breadcrumb":{"@id":"https:\/\/www.armadillos.com.ar\/juguetes\/teatro-de-titeres\/#breadcrumb"},"inLanguage":"es","potentialAction":[{"@type":"ReadAction","target":["https:\/\/www.armadillos.com.ar\/juguetes\/teatro-de-titeres\/"]}]},{"@type":"ImageObject","inLanguage":"es","@id":"https:\/\/www.armadillos.com.ar\/juguetes\/teatro-de-titeres\/#primaryimage","url":"https:\/\/www.armadillos.com.ar\/juguetes\/wp-content\/uploads\/2012\/10\/instrucciones-slider3-armado.jpg","contentUrl":"https:\/\/www.armadillos.com.ar\/juguetes\/wp-content\/uploads\/2012\/10\/instrucciones-slider3-armado.jpg","width":940,"height":400},{"@type":"BreadcrumbList","@id":"https:\/\/www.armadillos.com.ar\/juguetes\/teatro-de-titeres\/#breadcrumb","itemListElement":[{"@type":"ListItem","position":1,"name":"Portada","item":"https:\/\/www.armadillos.com.ar\/juguetes\/"},{"@type":"ListItem","position":2,"name":"Teatro de T\u00edteres"}]},{"@type":"WebSite","@id":"https:\/\/www.armadillos.com.ar\/juguetes\/#website","url":"https:\/\/www.armadillos.com.ar\/juguetes\/","name":"Armadillos Juguetes: Productos Plegables","description":"Productos Plegables Armadillos: juguetes de f\u00e1cil armado","publisher":{"@id":"https:\/\/www.armadillos.com.ar\/juguetes\/#organization"},"potentialAction":[{"@type":"SearchAction","target":{"@type":"EntryPoint","urlTemplate":"https:\/\/www.armadillos.com.ar\/juguetes\/?s={search_term_string}"},"query-input":{"@type":"PropertyValueSpecification","valueRequired":true,"valueName":"search_term_string"}}],"inLanguage":"es"},{"@type":"Organization","@id":"https:\/\/www.armadillos.com.ar\/juguetes\/#organization","name":"Armadillos","url":"https:\/\/www.armadillos.com.ar\/juguetes\/","logo":{"@type":"ImageObject","inLanguage":"es","@id":"https:\/\/www.armadillos.com.ar\/juguetes\/#\/schema\/logo\/image\/","url":"https:\/\/www.armadillos.com.ar\/juguetes\/wp-content\/uploads\/2012\/09\/logo.png","contentUrl":"https:\/\/www.armadillos.com.ar\/juguetes\/wp-content\/uploads\/2012\/09\/logo.png","width":180,"height":89,"caption":"Armadillos"},"image":{"@id":"https:\/\/www.armadillos.com.ar\/juguetes\/#\/schema\/logo\/image\/"},"sameAs":["https:\/\/www.facebook.com\/ArmadillosJuguetes","https:\/\/www.instagram.com\/armadillosjuguetes\/"]}]}},"_links":{"self":[{"href":"https:\/\/www.armadillos.com.ar\/juguetes\/wp-json\/wp\/v2\/pages\/388","targetHints":{"allow":["GET"]}}],"collection":[{"href":"https:\/\/www.armadillos.com.ar\/juguetes\/wp-json\/wp\/v2\/pages"}],"about":[{"href":"https:\/\/www.armadillos.com.ar\/juguetes\/wp-json\/wp\/v2\/types\/page"}],"author":[{"embeddable":true,"href":"https:\/\/www.armadillos.com.ar\/juguetes\/wp-json\/wp\/v2\/users\/1"}],"replies":[{"embeddable":true,"href":"https:\/\/www.armadillos.com.ar\/juguetes\/wp-json\/wp\/v2\/comments?post=388"}],"version-history":[{"count":14,"href":"https:\/\/www.armadillos.com.ar\/juguetes\/wp-json\/wp\/v2\/pages\/388\/revisions"}],"predecessor-version":[{"id":1845,"href":"https:\/\/www.armadillos.com.ar\/juguetes\/wp-json\/wp\/v2\/pages\/388\/revisions\/1845"}],"wp:attachment":[{"href":"https:\/\/www.armadillos.com.ar\/juguetes\/wp-json\/wp\/v2\/media?parent=388"}],"curies":[{"name":"wp","href":"https:\/\/api.w.org\/{rel}","templated":true}]}}