{"id":34,"date":"2012-09-20T20:30:25","date_gmt":"2012-09-20T20:30:25","guid":{"rendered":"http:\/\/www.armadillos.com.ar\/juguetes\/?page_id=34"},"modified":"2018-07-23T17:09:29","modified_gmt":"2018-07-23T20:09:29","slug":"instrucciones","status":"publish","type":"page","link":"https:\/\/www.armadillos.com.ar\/juguetes\/instrucciones\/","title":{"rendered":"Gr\u00e1ficos"},"content":{"rendered":"<p style=\"text-align: center;\"><a href=\"http:\/\/www.armadillos.com.ar\/juguetes\/basq-cabana-alpina-cast-labe\/\"><img decoding=\"async\" title=\"B\u00e1squet - Caba\u00f1a - Caba\u00f1a Alpina - Castillo - Laberinto \" src=\"http:\/\/www.armadillos.com.ar\/juguetes\/wp-content\/uploads\/2012\/12\/botones-instrucciones1_w.gif\" alt=\"\" width=\"301\" height=\"250\" \/><\/a><a href=\"http:\/\/www.armadillos.com.ar\/juguetes\/arco-barco-rodado\/\"><img decoding=\"async\" title=\"Arco de F\u00fatbol - Barco Pirata - Rodado Pelotero\" src=\"http:\/\/www.armadillos.com.ar\/juguetes\/wp-content\/uploads\/2012\/12\/botones-instrucciones_arco_barco_rod_w.gif\" alt=\"\" width=\"301\" height=\"250\" \/><\/a><a href=\"http:\/\/www.armadillos.com.ar\/juguetes\/teatro-de-titeres\/\"><img decoding=\"async\" title=\"Teatro de T\u00edteres\" src=\"http:\/\/www.armadillos.com.ar\/juguetes\/wp-content\/uploads\/2012\/12\/boton_instru_teatro.jpg\" alt=\"\" width=\"301\" height=\"250\" \/><\/a><\/p>\n<p style=\"text-align: center;\"><a href=\"http:\/\/www.armadillos.com.ar\/juguetes\/tunel\/\"><img decoding=\"async\" title=\"T\u00fanel\" src=\"http:\/\/www.armadillos.com.ar\/juguetes\/wp-content\/uploads\/2012\/12\/boton_instruc_tunel.jpg\" alt=\"\" width=\"301\" height=\"250\" \/><\/a><a href=\"http:\/\/www.armadillos.com.ar\/juguetes\/carpa-pelotero\/\"><img decoding=\"async\" title=\"Carpa Pelotero\" src=\"http:\/\/www.armadillos.com.ar\/juguetes\/wp-content\/uploads\/2012\/12\/boton_instruc_carpa.jpg\" alt=\"\" width=\"301\" height=\"250\" \/><\/a><a href=\"http:\/\/www.armadillos.com.ar\/juguetes\/carpa-andina\/\"><img decoding=\"async\" title=\"Carpa Andina\" src=\"http:\/\/www.armadillos.com.ar\/juguetes\/wp-content\/uploads\/2012\/12\/boton_instruc_andina.jpg\" alt=\"\" width=\"301\" height=\"250\" \/><\/a><\/p>\n<p style=\"text-align: center;\"><a href=\"http:\/\/www.armadillos.com.ar\/juguetes\/bebe-mascota-med-nave\/\"><img decoding=\"async\" title=\"Igl\u00fa Beb\u00e9 - Igl\u00fa Mascota Mediano - Nave Espacial\" src=\"http:\/\/www.armadillos.com.ar\/juguetes\/wp-content\/uploads\/2012\/12\/botones-instrucciones_IgluBB_mascota_nave_w.gif\" alt=\"\" width=\"301\" height=\"250\" \/><\/a><a href=\"http:\/\/www.armadillos.com.ar\/juguetes\/emboquetri\/\"><img decoding=\"async\" title=\"EmboqueTRI\" src=\"http:\/\/www.armadillos.com.ar\/juguetes\/wp-content\/uploads\/2013\/05\/boton_instruc_emboquetri.jpg\" alt=\"\" width=\"301\" height=\"250\" \/><\/a><a href=\"http:\/\/www.armadillos.com.ar\/juguetes\/mascota-chico-muneca\/\"><img decoding=\"async\" title=\"Igl\u00fa Mascota Chico - Igl\u00fa para Mu\u00f1eca\" src=\"http:\/\/www.armadillos.com.ar\/juguetes\/wp-content\/uploads\/2012\/12\/botones-instrucciones_IglumascotaCH_muneca_w.gif\" alt=\"\" width=\"301\" height=\"250\" \/><\/a><\/p>\n<p style=\"text-align: center;\"><a href=\"http:\/\/www.armadillos.com.ar\/juguetes\/capotin-multiuso\/\"><img decoding=\"async\" class=\"aligncenter\" title=\"Capot\u00edn Multiuso\" src=\"http:\/\/www.armadillos.com.ar\/juguetes\/wp-content\/uploads\/2012\/12\/botones-instrucciones_Capotin_w.gif\" alt=\"\" width=\"301\" height=\"250\" \/><\/a><\/p>\n","protected":false},"excerpt":{"rendered":"","protected":false},"author":1,"featured_media":0,"parent":0,"menu_order":0,"comment_status":"closed","ping_status":"closed","template":"100-width.php","meta":{"footnotes":""},"class_list":["post-34","page","type-page","status-publish","hentry"],"yoast_head":"<!-- This site is optimized with the Yoast SEO plugin v27.5 - https:\/\/yoast.com\/product\/yoast-seo-wordpress\/ -->\n<title>Gr\u00e1ficos &#8226; Armadillos Juguetes: Productos Plegables<\/title>\n<meta name=\"description\" content=\"Armadillos Juguetes: Productos Plegables &#8226; Juguetes Plegables sistema POP-UP: Caba\u00f1a, Caba\u00f1a Alpina, Rodado Pelotero, T\u00fanel, B\u00e1squet, Castillo, Teatro de T\u00edteres, Barco Pirata, Laberinto, Carpa Pelotero\" \/>\n<meta name=\"robots\" content=\"index, follow, max-snippet:-1, max-image-preview:large, max-video-preview:-1\" \/>\n<link rel=\"canonical\" href=\"https:\/\/www.armadillos.com.ar\/juguetes\/instrucciones\/\" \/>\n<meta property=\"og:locale\" content=\"es_ES\" \/>\n<meta property=\"og:type\" content=\"article\" \/>\n<meta property=\"og:title\" content=\"Gr\u00e1ficos &#8226; Armadillos Juguetes: Productos Plegables\" \/>\n<meta property=\"og:description\" content=\"Armadillos Juguetes: Productos Plegables &#8226; Juguetes Plegables sistema POP-UP: Caba\u00f1a, Caba\u00f1a Alpina, Rodado Pelotero, T\u00fanel, B\u00e1squet, Castillo, Teatro de T\u00edteres, Barco Pirata, Laberinto, Carpa Pelotero\" \/>\n<meta property=\"og:url\" content=\"https:\/\/www.armadillos.com.ar\/juguetes\/instrucciones\/\" \/>\n<meta property=\"og:site_name\" content=\"Armadillos Juguetes: Productos Plegables\" \/>\n<meta property=\"article:publisher\" content=\"https:\/\/www.facebook.com\/ArmadillosJuguetes\" \/>\n<meta property=\"article:modified_time\" content=\"2018-07-23T20:09:29+00:00\" \/>\n<meta property=\"og:image\" content=\"http:\/\/www.armadillos.com.ar\/juguetes\/wp-content\/uploads\/2012\/12\/botones-instrucciones1_w.gif\" \/>\n<meta name=\"twitter:card\" content=\"summary_large_image\" \/>\n<script type=\"application\/ld+json\" class=\"yoast-schema-graph\">{\"@context\":\"https:\\\/\\\/schema.org\",\"@graph\":[{\"@type\":\"WebPage\",\"@id\":\"https:\\\/\\\/www.armadillos.com.ar\\\/juguetes\\\/instrucciones\\\/\",\"url\":\"https:\\\/\\\/www.armadillos.com.ar\\\/juguetes\\\/instrucciones\\\/\",\"name\":\"Gr\u00e1ficos &#8226; Armadillos Juguetes: Productos Plegables\",\"isPartOf\":{\"@id\":\"https:\\\/\\\/www.armadillos.com.ar\\\/juguetes\\\/#website\"},\"primaryImageOfPage\":{\"@id\":\"https:\\\/\\\/www.armadillos.com.ar\\\/juguetes\\\/instrucciones\\\/#primaryimage\"},\"image\":{\"@id\":\"https:\\\/\\\/www.armadillos.com.ar\\\/juguetes\\\/instrucciones\\\/#primaryimage\"},\"thumbnailUrl\":\"http:\\\/\\\/www.armadillos.com.ar\\\/juguetes\\\/wp-content\\\/uploads\\\/2012\\\/12\\\/botones-instrucciones1_w.gif\",\"datePublished\":\"2012-09-20T20:30:25+00:00\",\"dateModified\":\"2018-07-23T20:09:29+00:00\",\"description\":\"Armadillos Juguetes: Productos Plegables &#8226; Juguetes Plegables sistema POP-UP: Caba\u00f1a, Caba\u00f1a Alpina, Rodado Pelotero, T\u00fanel, B\u00e1squet, Castillo, Teatro de T\u00edteres, Barco Pirata, Laberinto, Carpa Pelotero\",\"breadcrumb\":{\"@id\":\"https:\\\/\\\/www.armadillos.com.ar\\\/juguetes\\\/instrucciones\\\/#breadcrumb\"},\"inLanguage\":\"es\",\"potentialAction\":[{\"@type\":\"ReadAction\",\"target\":[\"https:\\\/\\\/www.armadillos.com.ar\\\/juguetes\\\/instrucciones\\\/\"]}]},{\"@type\":\"ImageObject\",\"inLanguage\":\"es\",\"@id\":\"https:\\\/\\\/www.armadillos.com.ar\\\/juguetes\\\/instrucciones\\\/#primaryimage\",\"url\":\"https:\\\/\\\/www.armadillos.com.ar\\\/juguetes\\\/wp-content\\\/uploads\\\/2012\\\/12\\\/botones-instrucciones1_w.gif\",\"contentUrl\":\"https:\\\/\\\/www.armadillos.com.ar\\\/juguetes\\\/wp-content\\\/uploads\\\/2012\\\/12\\\/botones-instrucciones1_w.gif\",\"width\":301,\"height\":250},{\"@type\":\"BreadcrumbList\",\"@id\":\"https:\\\/\\\/www.armadillos.com.ar\\\/juguetes\\\/instrucciones\\\/#breadcrumb\",\"itemListElement\":[{\"@type\":\"ListItem\",\"position\":1,\"name\":\"Portada\",\"item\":\"https:\\\/\\\/www.armadillos.com.ar\\\/juguetes\\\/\"},{\"@type\":\"ListItem\",\"position\":2,\"name\":\"Gr\u00e1ficos\"}]},{\"@type\":\"WebSite\",\"@id\":\"https:\\\/\\\/www.armadillos.com.ar\\\/juguetes\\\/#website\",\"url\":\"https:\\\/\\\/www.armadillos.com.ar\\\/juguetes\\\/\",\"name\":\"Armadillos Juguetes: Productos Plegables\",\"description\":\"Productos Plegables Armadillos: juguetes de f\u00e1cil armado\",\"publisher\":{\"@id\":\"https:\\\/\\\/www.armadillos.com.ar\\\/juguetes\\\/#organization\"},\"potentialAction\":[{\"@type\":\"SearchAction\",\"target\":{\"@type\":\"EntryPoint\",\"urlTemplate\":\"https:\\\/\\\/www.armadillos.com.ar\\\/juguetes\\\/?s={search_term_string}\"},\"query-input\":{\"@type\":\"PropertyValueSpecification\",\"valueRequired\":true,\"valueName\":\"search_term_string\"}}],\"inLanguage\":\"es\"},{\"@type\":\"Organization\",\"@id\":\"https:\\\/\\\/www.armadillos.com.ar\\\/juguetes\\\/#organization\",\"name\":\"Armadillos\",\"url\":\"https:\\\/\\\/www.armadillos.com.ar\\\/juguetes\\\/\",\"logo\":{\"@type\":\"ImageObject\",\"inLanguage\":\"es\",\"@id\":\"https:\\\/\\\/www.armadillos.com.ar\\\/juguetes\\\/#\\\/schema\\\/logo\\\/image\\\/\",\"url\":\"https:\\\/\\\/www.armadillos.com.ar\\\/juguetes\\\/wp-content\\\/uploads\\\/2012\\\/09\\\/logo.png\",\"contentUrl\":\"https:\\\/\\\/www.armadillos.com.ar\\\/juguetes\\\/wp-content\\\/uploads\\\/2012\\\/09\\\/logo.png\",\"width\":180,\"height\":89,\"caption\":\"Armadillos\"},\"image\":{\"@id\":\"https:\\\/\\\/www.armadillos.com.ar\\\/juguetes\\\/#\\\/schema\\\/logo\\\/image\\\/\"},\"sameAs\":[\"https:\\\/\\\/www.facebook.com\\\/ArmadillosJuguetes\",\"https:\\\/\\\/www.instagram.com\\\/armadillosjuguetes\\\/\"]}]}<\/script>\n<!-- \/ Yoast SEO plugin. -->","yoast_head_json":{"title":"Gr\u00e1ficos &#8226; Armadillos Juguetes: Productos Plegables","description":"Armadillos Juguetes: Productos Plegables &#8226; Juguetes Plegables sistema POP-UP: Caba\u00f1a, Caba\u00f1a Alpina, Rodado Pelotero, T\u00fanel, B\u00e1squet, Castillo, Teatro de T\u00edteres, Barco Pirata, Laberinto, Carpa Pelotero","robots":{"index":"index","follow":"follow","max-snippet":"max-snippet:-1","max-image-preview":"max-image-preview:large","max-video-preview":"max-video-preview:-1"},"canonical":"https:\/\/www.armadillos.com.ar\/juguetes\/instrucciones\/","og_locale":"es_ES","og_type":"article","og_title":"Gr\u00e1ficos &#8226; Armadillos Juguetes: Productos Plegables","og_description":"Armadillos Juguetes: Productos Plegables &#8226; Juguetes Plegables sistema POP-UP: Caba\u00f1a, Caba\u00f1a Alpina, Rodado Pelotero, T\u00fanel, B\u00e1squet, Castillo, Teatro de T\u00edteres, Barco Pirata, Laberinto, Carpa Pelotero","og_url":"https:\/\/www.armadillos.com.ar\/juguetes\/instrucciones\/","og_site_name":"Armadillos Juguetes: Productos Plegables","article_publisher":"https:\/\/www.facebook.com\/ArmadillosJuguetes","article_modified_time":"2018-07-23T20:09:29+00:00","og_image":[{"url":"http:\/\/www.armadillos.com.ar\/juguetes\/wp-content\/uploads\/2012\/12\/botones-instrucciones1_w.gif","type":"","width":"","height":""}],"twitter_card":"summary_large_image","schema":{"@context":"https:\/\/schema.org","@graph":[{"@type":"WebPage","@id":"https:\/\/www.armadillos.com.ar\/juguetes\/instrucciones\/","url":"https:\/\/www.armadillos.com.ar\/juguetes\/instrucciones\/","name":"Gr\u00e1ficos &#8226; Armadillos Juguetes: Productos Plegables","isPartOf":{"@id":"https:\/\/www.armadillos.com.ar\/juguetes\/#website"},"primaryImageOfPage":{"@id":"https:\/\/www.armadillos.com.ar\/juguetes\/instrucciones\/#primaryimage"},"image":{"@id":"https:\/\/www.armadillos.com.ar\/juguetes\/instrucciones\/#primaryimage"},"thumbnailUrl":"http:\/\/www.armadillos.com.ar\/juguetes\/wp-content\/uploads\/2012\/12\/botones-instrucciones1_w.gif","datePublished":"2012-09-20T20:30:25+00:00","dateModified":"2018-07-23T20:09:29+00:00","description":"Armadillos Juguetes: Productos Plegables &#8226; Juguetes Plegables sistema POP-UP: Caba\u00f1a, Caba\u00f1a Alpina, Rodado Pelotero, T\u00fanel, B\u00e1squet, Castillo, Teatro de T\u00edteres, Barco Pirata, Laberinto, Carpa Pelotero","breadcrumb":{"@id":"https:\/\/www.armadillos.com.ar\/juguetes\/instrucciones\/#breadcrumb"},"inLanguage":"es","potentialAction":[{"@type":"ReadAction","target":["https:\/\/www.armadillos.com.ar\/juguetes\/instrucciones\/"]}]},{"@type":"ImageObject","inLanguage":"es","@id":"https:\/\/www.armadillos.com.ar\/juguetes\/instrucciones\/#primaryimage","url":"https:\/\/www.armadillos.com.ar\/juguetes\/wp-content\/uploads\/2012\/12\/botones-instrucciones1_w.gif","contentUrl":"https:\/\/www.armadillos.com.ar\/juguetes\/wp-content\/uploads\/2012\/12\/botones-instrucciones1_w.gif","width":301,"height":250},{"@type":"BreadcrumbList","@id":"https:\/\/www.armadillos.com.ar\/juguetes\/instrucciones\/#breadcrumb","itemListElement":[{"@type":"ListItem","position":1,"name":"Portada","item":"https:\/\/www.armadillos.com.ar\/juguetes\/"},{"@type":"ListItem","position":2,"name":"Gr\u00e1ficos"}]},{"@type":"WebSite","@id":"https:\/\/www.armadillos.com.ar\/juguetes\/#website","url":"https:\/\/www.armadillos.com.ar\/juguetes\/","name":"Armadillos Juguetes: Productos Plegables","description":"Productos Plegables Armadillos: juguetes de f\u00e1cil armado","publisher":{"@id":"https:\/\/www.armadillos.com.ar\/juguetes\/#organization"},"potentialAction":[{"@type":"SearchAction","target":{"@type":"EntryPoint","urlTemplate":"https:\/\/www.armadillos.com.ar\/juguetes\/?s={search_term_string}"},"query-input":{"@type":"PropertyValueSpecification","valueRequired":true,"valueName":"search_term_string"}}],"inLanguage":"es"},{"@type":"Organization","@id":"https:\/\/www.armadillos.com.ar\/juguetes\/#organization","name":"Armadillos","url":"https:\/\/www.armadillos.com.ar\/juguetes\/","logo":{"@type":"ImageObject","inLanguage":"es","@id":"https:\/\/www.armadillos.com.ar\/juguetes\/#\/schema\/logo\/image\/","url":"https:\/\/www.armadillos.com.ar\/juguetes\/wp-content\/uploads\/2012\/09\/logo.png","contentUrl":"https:\/\/www.armadillos.com.ar\/juguetes\/wp-content\/uploads\/2012\/09\/logo.png","width":180,"height":89,"caption":"Armadillos"},"image":{"@id":"https:\/\/www.armadillos.com.ar\/juguetes\/#\/schema\/logo\/image\/"},"sameAs":["https:\/\/www.facebook.com\/ArmadillosJuguetes","https:\/\/www.instagram.com\/armadillosjuguetes\/"]}]}},"_links":{"self":[{"href":"https:\/\/www.armadillos.com.ar\/juguetes\/wp-json\/wp\/v2\/pages\/34","targetHints":{"allow":["GET"]}}],"collection":[{"href":"https:\/\/www.armadillos.com.ar\/juguetes\/wp-json\/wp\/v2\/pages"}],"about":[{"href":"https:\/\/www.armadillos.com.ar\/juguetes\/wp-json\/wp\/v2\/types\/page"}],"author":[{"embeddable":true,"href":"https:\/\/www.armadillos.com.ar\/juguetes\/wp-json\/wp\/v2\/users\/1"}],"replies":[{"embeddable":true,"href":"https:\/\/www.armadillos.com.ar\/juguetes\/wp-json\/wp\/v2\/comments?post=34"}],"version-history":[{"count":33,"href":"https:\/\/www.armadillos.com.ar\/juguetes\/wp-json\/wp\/v2\/pages\/34\/revisions"}],"predecessor-version":[{"id":407,"href":"https:\/\/www.armadillos.com.ar\/juguetes\/wp-json\/wp\/v2\/pages\/34\/revisions\/407"}],"wp:attachment":[{"href":"https:\/\/www.armadillos.com.ar\/juguetes\/wp-json\/wp\/v2\/media?parent=34"}],"curies":[{"name":"wp","href":"https:\/\/api.w.org\/{rel}","templated":true}]}}